{"id":4,"date":"2019-06-22T13:52:03","date_gmt":"2019-06-22T13:52:03","guid":{"rendered":"http:\/\/s522335281.online.de\/willkommen-auf-http-s522335281-online-de"},"modified":"2023-11-26T17:04:30","modified_gmt":"2023-11-26T17:04:30","slug":"willkommen-auf-http-s522335281-online-de","status":"publish","type":"page","link":"https:\/\/schock.org\/en\/","title":{"rendered":"Municipal concepts and cooperation"},"content":{"rendered":"<h6>Gabi Schock has been working as a consultant for companies and local authorities since 1990. She develops concepts for municipalities and regions at national and international level.<\/h6>\n\n\n\n<p>Politicians and administrators, citizens, business associations and companies, environmental organisations and universities are involved with their interests, describe the challenges and risks and jointly develop concrete perspectives that they want to implement cooperatively. The framework for these solutions are the <a href=\"https:\/\/www.bundesregierung.de\/breg-de\/themen\/nachhaltigkeitspolitik\/nachhaltigkeitsziele-verstaendlich-erklaert-232174\" target=\"_blank\" rel=\"noreferrer noopener\">7 UN Sustainable Development Goals<\/a> and a jointly developed consensus, which is characterised by the knowledge that the resulting concept and cooperation are sustainable.<\/p>\n\n\n\n<p>Gabi Schock's office was recognised by being included in the list of expert advisors at the European Commission's Directorates General XXIII \"Enterprise Policy, Trade, Tourism and Social Economy\" and XI \"Environment, Nuclear Safety and Civil Protection\".<\/p>\n\n\n\n<div style=\"height:31px\" aria-hidden=\"true\" class=\"wp-block-spacer\"><\/div>\n\n\n\n<div class=\"wp-block-buttons aligncenter\">\n<div class=\"wp-block-button\"><a class=\"wp-block-button__link has-background\" href=\"https:\/\/schock.org\/en\/ziele\/\" style=\"background-color:#009665\">My objectives<\/a><\/div>\n<\/div>\n\n\n\n<p><\/p>","protected":false},"excerpt":{"rendered":"<p>Gabi Schock ist seit 1990 beratend f\u00fcr Unternehmen und Kommunen t\u00e4tig. Sie entwickelt, auf nationaler wie internationaler Ebene, Konzepte f\u00fcr Kommunen und Regionen. Politik und Verwaltung, B\u00fcrgerInnen, Wirtschaftsverb\u00e4nde und Unternehmen, Umweltverb\u00e4nde und Hochschulen werden dabei mit ihren Interessen beteiligt, beschreiben die Herausforderungen und Risiken und entwickeln gemeinsam konkrete Perspektiven, die sie kooperativ umsetzen wollen. Rahmen [&hellip;]<\/p>","protected":false},"author":1,"featured_media":0,"parent":0,"menu_order":0,"comment_status":"closed","ping_status":"open","template":"","meta":[],"yoast_head":"<!-- This site is optimized with the Yoast SEO plugin v15.5 - https:\/\/yoast.com\/wordpress\/plugins\/seo\/ -->\n<title>Kommunale Konzepte und Kooperationen - Gabi Schock<\/title>\n<meta name=\"robots\" content=\"index, follow, max-snippet:-1, max-image-preview:large, max-video-preview:-1\" \/>\n<link rel=\"canonical\" href=\"https:\/\/schock.org\/en\/\" \/>\n<meta property=\"og:locale\" content=\"en_US\" \/>\n<meta property=\"og:type\" content=\"article\" \/>\n<meta property=\"og:title\" content=\"Kommunale Konzepte und Kooperationen - Gabi Schock\" \/>\n<meta property=\"og:description\" content=\"Gabi Schock ist seit 1990 beratend f\u00fcr Unternehmen und Kommunen t\u00e4tig. Sie entwickelt, auf nationaler wie internationaler Ebene, Konzepte f\u00fcr Kommunen und Regionen. Politik und Verwaltung, B\u00fcrgerInnen, Wirtschaftsverb\u00e4nde und Unternehmen, Umweltverb\u00e4nde und Hochschulen werden dabei mit ihren Interessen beteiligt, beschreiben die Herausforderungen und Risiken und entwickeln gemeinsam konkrete Perspektiven, die sie kooperativ umsetzen wollen. Rahmen [&hellip;]\" \/>\n<meta property=\"og:url\" content=\"https:\/\/schock.org\/en\/\" \/>\n<meta property=\"og:site_name\" content=\"Gabi Schock\" \/>\n<meta property=\"article:modified_time\" content=\"2023-11-26T17:04:30+00:00\" \/>\n<meta name=\"twitter:card\" content=\"summary_large_image\" \/>\n<meta name=\"twitter:label1\" content=\"Est. reading time\">\n\t<meta name=\"twitter:data1\" content=\"0 minutes\">\n<script type=\"application\/ld+json\" class=\"yoast-schema-graph\">{\"@context\":\"https:\/\/schema.org\",\"@graph\":[{\"@type\":\"WebSite\",\"@id\":\"https:\/\/schock.org\/#website\",\"url\":\"https:\/\/schock.org\/\",\"name\":\"Gabi Schock\",\"description\":\"Kommunale Konzepte und Kooperationen\",\"potentialAction\":[{\"@type\":\"SearchAction\",\"target\":\"https:\/\/schock.org\/?s={search_term_string}\",\"query-input\":\"required name=search_term_string\"}],\"inLanguage\":\"en-US\"},{\"@type\":\"WebPage\",\"@id\":\"https:\/\/schock.org\/#webpage\",\"url\":\"https:\/\/schock.org\/\",\"name\":\"Kommunale Konzepte und Kooperationen - Gabi Schock\",\"isPartOf\":{\"@id\":\"https:\/\/schock.org\/#website\"},\"datePublished\":\"2019-06-22T13:52:03+00:00\",\"dateModified\":\"2023-11-26T17:04:30+00:00\",\"inLanguage\":\"en-US\",\"potentialAction\":[{\"@type\":\"ReadAction\",\"target\":[\"https:\/\/schock.org\/\"]}]}]}<\/script>\n<!-- \/ Yoast SEO plugin. -->","_links":{"self":[{"href":"https:\/\/schock.org\/en\/wp-json\/wp\/v2\/pages\/4"}],"collection":[{"href":"https:\/\/schock.org\/en\/wp-json\/wp\/v2\/pages"}],"about":[{"href":"https:\/\/schock.org\/en\/wp-json\/wp\/v2\/types\/page"}],"author":[{"embeddable":true,"href":"https:\/\/schock.org\/en\/wp-json\/wp\/v2\/users\/1"}],"replies":[{"embeddable":true,"href":"https:\/\/schock.org\/en\/wp-json\/wp\/v2\/comments?post=4"}],"version-history":[{"count":34,"href":"https:\/\/schock.org\/en\/wp-json\/wp\/v2\/pages\/4\/revisions"}],"predecessor-version":[{"id":653,"href":"https:\/\/schock.org\/en\/wp-json\/wp\/v2\/pages\/4\/revisions\/653"}],"wp:attachment":[{"href":"https:\/\/schock.org\/en\/wp-json\/wp\/v2\/media?parent=4"}],"curies":[{"name":"wp","href":"https:\/\/api.w.org\/{rel}","templated":true}]}}