{"id":252,"date":"2020-12-16T11:42:00","date_gmt":"2020-12-16T11:42:00","guid":{"rendered":"http:\/\/s522335281.online.de\/?page_id=252"},"modified":"2021-01-14T14:11:09","modified_gmt":"2021-01-14T14:11:09","slug":"elektromobilitaet","status":"publish","type":"page","link":"https:\/\/schock.org\/en\/elektromobilitaet","title":{"rendered":"Electromobility \u2013 more than just the e-car"},"content":{"rendered":"<p>Electric cars also stuck in traffic jams and need parking spaces. Therefore, electric cars are only a small part of the solution for our future mobility tasks. Municipal\/regional electromobility concepts deal with adaptable recharging points, with the requirements for urban building culture, the selection of the power provider and integration into mobility stations as well as integrated service centers - or simply put: about the fair participation of all citizens in a new innovative mobility:&nbsp;<strong>Electromobility is more than just the e-car.<\/strong> <\/p>\n\n\n\n<div style=\"height:30px\" aria-hidden=\"true\" class=\"wp-block-spacer\"><\/div>\n\n\n\n<hr class=\"wp-block-separator has-text-color has-background has-black-background-color has-black-color is-style-wide\"\/>\n\n\n\n<div class=\"wp-block-pb-accordion-item c-accordion__item js-accordion-item no-js\" data-initially-open=\"false\" data-click-to-close=\"true\" data-auto-close=\"true\" data-scroll=\"false\" data-scroll-offset=\"0\"><button id=\"at-65779\" class=\"c-accordion__title js-accordion-controller c-accordion__title--button\" role=\"button\"> Publications<\/button><div id=\"ac-65779\" class=\"c-accordion__content\">\n<ul><li>Schock, G.: \u201eDie Elektromobilit\u00e4t ist auf dem Vormarsch- besonders in und mit den Kommunen\u201c. KOMMUNAL DIREKT 2014\/1 29<\/li><li>Schock, G., Funk, G.: \u201eNachhaltige Mobilit\u00e4t in Kommunen\u201c, mobility 2.0 Das Kompendium 2013\/14 138-142<\/li><li>Schock, G.: \u201cEntscheidungen vor Ort\u201d, der gemeinderat (7-8) 2013 30-31<\/li><li>Schock, G.: \u201eE-Mobilit\u00e4t in der Stadt\u201c, mobility 2.0 (1) 2013 12-15<\/li><li>Schock, G.: \u201eElektrisch auf Achse erfordert Umsteuern\u201c, St\u00e4dte- und Gemeinderat (3) 2012 20-22<\/li><\/ul>\n\n\n\n<p><\/p>\n<\/div><\/div>\n\n\n\n<hr class=\"wp-block-separator has-text-color has-background has-black-background-color has-black-color is-style-wide\"\/>\n\n\n\n<div class=\"wp-block-pb-accordion-item c-accordion__item js-accordion-item no-js\" data-initially-open=\"false\" data-click-to-close=\"true\" data-auto-close=\"true\" data-scroll=\"false\" data-scroll-offset=\"0\"><button id=\"at-10018\" class=\"c-accordion__title js-accordion-controller c-accordion__title--button\" role=\"button\"><strong> <\/strong>Presentations, moderations<\/button><div id=\"ac-10018\" class=\"c-accordion__content\">\n<ul><li>06\/15 Vortrag: \u201eKommunalpolitik- Hauptrolle oder Statistenrolle?\u201c, VKU Akademie \u201eGesch\u00e4ftsfeld E-Mobilit\u00e4t entwickeln\u201c, Berlin<\/li><li>03\/14 Vortrag: \u201eKommunalpolitik \u2013 Hauptrolle oder Statistenrolle?\u201c, Begleitforschung der Modellregionen Elektromobilit\u00e4t \/ Themenfeld \u201eStadtentwicklung und Verkehr\u201c in D\u00fcsseldorf\u00a0<\/li><li>06\/13 Technische Akademie Esslingen \u201eImpulse der Kommunen f\u00fcr die Elektromobilit\u00e4t\u201c im Rahmen des 2. Symposium Elektromobilit\u00e4t in Ostfildern\/Stuttgart<\/li><li>12\/11 Verkehrspolitischer Dialog zum Thema \u201eElektromobilit\u00e4t und die Rolle der Kommunen\u201c der Sozialdemokratischen Gemeinschaft f\u00fcr Kommunalpolitik und der SPD-Fraktion NRW im D\u00fcsseldorfer Landtag<\/li><li>10\/11 Vortrag: \u201eStadtwerke und Kommunen sind wichtige Partner der Elektromobilit\u00e4t\u201c im Rahmen des Kommunalkongress\u00a0 \u201eEnergie in Kommunen\u201c der Energieagentur.NRW in Wuppertal<\/li><li>10\/11 Moderation Workshop \u201eeMobility &amp; Kommune\u201c anl\u00e4sslich der women&amp;energy- Veranstaltung in Frankfurt<\/li><li>09\/11 Vortrag: \u201cEmobility 2020: Stadtwerke und Kommunen sind wichtige Partner der Elektromobilit\u00e4t in Deutschland\u201d im Rahmen der 4. Fachkonferenz \u201cE-Mobility- Neue Kooperationsm\u00f6glichkeiten f\u00fcr Energieversorger, Verkehrsunternehmen und Automobilbranche\u201d in Frankfurt<\/li><li>11\/10 Vortrag: \u201eElektromobilit\u00e4t- Risiken der Stadtwerke\u201c im Rahmen der Tagung der Deutschen Gesellschaft f\u00fcr Risikomanagement in D\u00fcsseldorf<\/li><li>10\/10 Fachverband Elektromobilit\u00e4t e.V.: \u201eE-mobil.NRW- Elektromobilit\u00e4t als Herausforderungen f\u00fcr Stadtwerke und Kommunen\u201c im Rahmen der \u201eecartec\u201c-Messe, M\u00fcnchen<\/li><li>02\/10 Bundesverband Solare Mobilit\u00e4t e.V.: Vortrag zu \u201eStadtwerke-Projekt: E-mobil NRW\u201c im Rahmen der 10. Bsm-Mobilit\u00e4tskonferenz f\u00fcr alternative &amp; erneuerbare Mobilit\u00e4t, Berlin<\/li><\/ul>\n\n\n\n<p><\/p>\n<\/div><\/div>\n\n\n\n<hr class=\"wp-block-separator has-text-color has-background has-black-background-color has-black-color is-style-wide\"\/>\n\n\n\n<div style=\"height:30px\" aria-hidden=\"true\" class=\"wp-block-spacer\"><\/div>\n\n\n\n<p>Current articles:<\/p>\n\n\n<ul class=\"wp-block-latest-posts__list wp-block-latest-posts\"><li><a href=\"https:\/\/schock.org\/en\/neustart-mobilitaet-fuer-staedte-und-gemeinden\">Neustart Mobilit\u00e4t f\u00fcr St\u00e4dte und Gemeinden<\/a><\/li>\n<li><a href=\"https:\/\/schock.org\/en\/e-mobilitaet-in-der-stadt\">E-Mobilit\u00e4t in der Stadt<\/a><\/li>\n<li><a href=\"https:\/\/schock.org\/en\/elektrisch-auf-achse-erfordert-umsteuern\">\u201eElektrisch auf Achse\u201c erfordert Umsteuern<\/a><\/li>\n<\/ul>","protected":false},"excerpt":{"rendered":"<p>Auch Elektroautos stehen im Stau und ben\u00f6tigen Parkpl\u00e4tze. Daher sind Elektroautos nur ein kleiner Teil f\u00fcr die L\u00f6sung unserer zuk\u00fcnftigen Mobilit\u00e4tsaufgaben. Kommunale\/Regionale Elektromobilit\u00e4tskonzepte besch\u00e4ftigen sich mit anpassungsf\u00e4higen Lades\u00e4ulenstandorten, mit den Anforderungen an die Stadtbaukultur, der Auswahl des Ladenetzes und Einbindung in Mobilit\u00e4tsstationen wie auch integrierten Servicezentren \u2013 oder einfach gesagt: um die gerechte Teilhabe aller [&hellip;]<\/p>","protected":false},"author":1,"featured_media":0,"parent":0,"menu_order":0,"comment_status":"closed","ping_status":"closed","template":"","meta":[],"yoast_head":"<!-- This site is optimized with the Yoast SEO plugin v15.5 - https:\/\/yoast.com\/wordpress\/plugins\/seo\/ -->\n<title>Elektromobilit\u00e4t \u2013 mehr als das E-Auto - Gabi Schock<\/title>\n<meta name=\"robots\" content=\"index, follow, max-snippet:-1, max-image-preview:large, max-video-preview:-1\" \/>\n<link rel=\"canonical\" href=\"https:\/\/schock.org\/en\/elektromobilitaet\/\" \/>\n<meta property=\"og:locale\" content=\"en_US\" \/>\n<meta property=\"og:type\" content=\"article\" \/>\n<meta property=\"og:title\" content=\"Elektromobilit\u00e4t \u2013 mehr als das E-Auto - Gabi Schock\" \/>\n<meta property=\"og:description\" content=\"Auch Elektroautos stehen im Stau und ben\u00f6tigen Parkpl\u00e4tze. Daher sind Elektroautos nur ein kleiner Teil f\u00fcr die L\u00f6sung unserer zuk\u00fcnftigen Mobilit\u00e4tsaufgaben. Kommunale\/Regionale Elektromobilit\u00e4tskonzepte besch\u00e4ftigen sich mit anpassungsf\u00e4higen Lades\u00e4ulenstandorten, mit den Anforderungen an die Stadtbaukultur, der Auswahl des Ladenetzes und Einbindung in Mobilit\u00e4tsstationen wie auch integrierten Servicezentren \u2013 oder einfach gesagt: um die gerechte Teilhabe aller [&hellip;]\" \/>\n<meta property=\"og:url\" content=\"https:\/\/schock.org\/en\/elektromobilitaet\/\" \/>\n<meta property=\"og:site_name\" content=\"Gabi Schock\" \/>\n<meta property=\"article:modified_time\" content=\"2021-01-14T14:11:09+00:00\" \/>\n<meta name=\"twitter:card\" content=\"summary_large_image\" \/>\n<meta name=\"twitter:label1\" content=\"Est. reading time\">\n\t<meta name=\"twitter:data1\" content=\"1 minute\">\n<script type=\"application\/ld+json\" class=\"yoast-schema-graph\">{\"@context\":\"https:\/\/schema.org\",\"@graph\":[{\"@type\":\"WebSite\",\"@id\":\"https:\/\/schock.org\/#website\",\"url\":\"https:\/\/schock.org\/\",\"name\":\"Gabi Schock\",\"description\":\"Kommunale Konzepte und Kooperationen\",\"potentialAction\":[{\"@type\":\"SearchAction\",\"target\":\"https:\/\/schock.org\/?s={search_term_string}\",\"query-input\":\"required name=search_term_string\"}],\"inLanguage\":\"en-US\"},{\"@type\":\"WebPage\",\"@id\":\"https:\/\/schock.org\/elektromobilitaet#webpage\",\"url\":\"https:\/\/schock.org\/elektromobilitaet\",\"name\":\"Elektromobilit\\u00e4t \\u2013 mehr als das E-Auto - Gabi Schock\",\"isPartOf\":{\"@id\":\"https:\/\/schock.org\/#website\"},\"datePublished\":\"2020-12-16T11:42:00+00:00\",\"dateModified\":\"2021-01-14T14:11:09+00:00\",\"inLanguage\":\"en-US\",\"potentialAction\":[{\"@type\":\"ReadAction\",\"target\":[\"https:\/\/schock.org\/elektromobilitaet\"]}]}]}<\/script>\n<!-- \/ Yoast SEO plugin. -->","_links":{"self":[{"href":"https:\/\/schock.org\/en\/wp-json\/wp\/v2\/pages\/252"}],"collection":[{"href":"https:\/\/schock.org\/en\/wp-json\/wp\/v2\/pages"}],"about":[{"href":"https:\/\/schock.org\/en\/wp-json\/wp\/v2\/types\/page"}],"author":[{"embeddable":true,"href":"https:\/\/schock.org\/en\/wp-json\/wp\/v2\/users\/1"}],"replies":[{"embeddable":true,"href":"https:\/\/schock.org\/en\/wp-json\/wp\/v2\/comments?post=252"}],"version-history":[{"count":14,"href":"https:\/\/schock.org\/en\/wp-json\/wp\/v2\/pages\/252\/revisions"}],"predecessor-version":[{"id":566,"href":"https:\/\/schock.org\/en\/wp-json\/wp\/v2\/pages\/252\/revisions\/566"}],"wp:attachment":[{"href":"https:\/\/schock.org\/en\/wp-json\/wp\/v2\/media?parent=252"}],"curies":[{"name":"wp","href":"https:\/\/api.w.org\/{rel}","templated":true}]}}