{"id":248,"date":"2020-12-18T11:36:00","date_gmt":"2020-12-18T11:36:00","guid":{"rendered":"http:\/\/s522335281.online.de\/?page_id=248"},"modified":"2021-12-02T13:41:16","modified_gmt":"2021-12-02T13:41:16","slug":"biooekonomie","status":"publish","type":"page","link":"https:\/\/schock.org\/en\/biooekonomie","title":{"rendered":"Bioeconomy \u2013 the engine of regional economy"},"content":{"rendered":"<p>Dairy wastewater can be used to produce T-shirts, and mushrooms can be used to make purses. These are all processes that already exist today and show that residual materials can be upcycled. The prerequisite is regional concepts so that the owners of residual materials - waste management, forestry, agriculture, the food industry, etc. - have short distances to established companies in the chemical and cosmetics industries. In this way, jobs can be secured and climate- and environmentally friendly products can be developed together with universities and start-up centers. This creates a regional carbon cycle that takes everyone's interests into account and can enable regional structural change:&nbsp;<strong>Resource efficiency is the engine of the regional economy.<\/strong><\/p>\n\n\n\n<div style=\"height:30px\" aria-hidden=\"true\" class=\"wp-block-spacer\"><\/div>\n\n\n\n<hr class=\"wp-block-separator has-text-color has-background has-black-background-color has-black-color is-style-wide\"\/>\n\n\n\n<div class=\"wp-block-pb-accordion-item c-accordion__item js-accordion-item no-js\" data-initially-open=\"false\" data-click-to-close=\"true\" data-auto-close=\"true\" data-scroll=\"false\" data-scroll-offset=\"0\"><button id=\"at-10018\" class=\"c-accordion__title js-accordion-controller c-accordion__title--button\" role=\"button\"><strong> <\/strong>Presentations, moderations<\/button><div id=\"ac-10018\" class=\"c-accordion__content\">\n<ul><li>04\/21 \u201eBedeutung der Bio\u00f6konomie am Niederrhein\u201c, Regionaldialog des Kompetenznetzwerk Umweltwirtschaft.NRW; NRW-Ministerium f\u00fcr Umwelt, Naturschutz, Landwirtschaft und Verbraucherschutz<\/li><li>03\/21 \u201eTreibt Europa die deutsche Abfallwirtschaft zur zirkul\u00e4ren Bio\u00f6konomie?\u201c, Webinar \u201eH\u00fcrden der Reststoffnutzung: Abfallwirtschaft und Abfallrecht in der circular bioeconomy\u201c, online-Webinar der DECHEMA, Frankfurt<\/li><li>12\/20 \u201eDie deutsche Abfallwirtschaft \u2013 ein wichtiger Akteur der zirkul\u00e4ren Bio\u00f6konomie?\u201c, RIN Stoffstr\u00f6me Jahrestagung 2020 \u2013 auf dem Weg in eine zirkul\u00e4re Bio\u00f6konomie?<\/li><li>09\/19 Pr\u00e4sentation: \u201eInnovative und nachhaltige Stoffstromnutzung \u2013 Aktivit\u00e4ten im Rheinland\u201c, Strukturausschuss im Regionalrat der Bezirksregierung D\u00fcsseldorf<\/li><li>09\/19 Pr\u00e4sentation: \u201eCO-Nutzung im Rheinland\u201c \u2013 Landschaftsverband Rheinland<\/li><li>08\/19 Pr\u00e4sentation: \u201eRecycling \u2013 aus Sicht der Abfallwirtschaft\u201c, RIN-Workshop \u201eIs there a life after the End-of-Live?\u201d, D\u00fcsseldorf<\/li><li>07\/18 Pr\u00e4sentation: \u201eRegionales Innovationsnetzwerk Stoffstr\u00f6me\u201c im Rahmen des Runden Tisches \u201eZirkul\u00e4re Wertsch\u00f6pfung\u201c beim Ministerium f\u00fcr Wirtschaft, Innovation, Digitalisierung und Energie, NRW<\/li><li>06\/18 Vortrag: \u201eBio\u00f6konomie \u2013 Welche Rolle k\u00f6nnen Kommunen bei dem Thema spielen\u201c im Rahmen des 3. kommRess-Workshop, BMU in Krefeld<\/li><li>05\/17 Pr\u00e4sentation: \u201eKenntnisse, Erfahrungen und Chancen f\u00fcr die Abfallwirtschaft\u201c im RIN- Workshop: \u201eInnovative Logistikkonzepte in der Bio\u00f6konomie\u201c, D\u00fcsseldorf<\/li><li>12\/15 Vortrag: \u201eRIN-Stoffstr\u00f6me: Unterst\u00fctzung der innovativen und nachhaltigen Stoffstromnutzung in einer Modellregion\u201c, Workshop \u201eEnergie und Wertstoffe aus biogenen Reststoffen\u201c, Fraunhofer-Institut f\u00fcr UMSICHT, Oberhausen<\/li><li>05\/15 Podiumsdiskussion \u201eChancen und H\u00fcrden der regionalen Umsetzung der Bio\u00f6konomie\u201c im Rahmen des RIN-Workshops \u201eAkzeptanz f\u00fcr die Umsetzung der Bio\u00f6konomie\u201c, D\u00fcsseldorf<\/li><li>04\/15 Vortrag: \u201eRIN Stoffstr\u00f6me- neue Wertsch\u00f6pfungsketten in der Abfallwirtschaft\u201c, Verein zur F\u00f6rderung der Abfallwirtschaft Region Rhein-Wupper e.V. \u00a0<\/li><li>02\/15 Vortrag: \u201eKommunale Bioabf\u00e4lle und regionalen Ans\u00e4tze der Bio\u00f6konomie\u201c, BIO-raffiniert VIII \u201eBio\u00f6konomie: Vom Konzept zum Produkt\u201c in Oberhausen<\/li><li>10\/14 Vortrag: \u201eBiologische Abf\u00e4lle als potentielle Rohstoffe, Auftaktveranstaltung \u201eRIN Stoffstr\u00f6me\u201c D\u00fcsseldorf<\/li><li>04\/14 Vortrag: \u201eBio\u00f6konomie \u2013 was kommt Neues auf die Abfallwirtschaft zu?\u201c, DGAW Netzwerktreffen im Kompostwerk Nieheim<\/li><li>12\/12 Ministerium f\u00fcr Innovation, Wissenschaft und Forschung NRW:\u00a0 \u201ePr\u00e4sentation der Ergebnisse des Fachgespr\u00e4chs Bioraffinerie\u201c im Rahmen der Abschlussveranstaltung der Round-Table-Gespr\u00e4che Bioraffinerie und Biopolymere \/ funktionalisierte Oberfl\u00e4chen , D\u00fcsseldorf<\/li><li>09\/12 CLIB-Forum: \u201eOrganische Wertstoffstr\u00f6me f\u00fcr die Bio\u00f6konomie\u201c im Rahmen des NRW-Bio\u00f6konomie Strategie Gespr\u00e4chs \u201eAlternative Ressourcen f\u00fcr die Bio\u00f6konomie\u201c, D\u00fcsseldorf<\/li><\/ul>\n\n\n\n<p><\/p>\n<\/div><\/div>\n\n\n\n<hr class=\"wp-block-separator has-text-color has-background has-black-background-color has-black-color is-style-wide\"\/>\n\n\n\n<div style=\"height:30px\" aria-hidden=\"true\" class=\"wp-block-spacer\"><\/div>\n\n\n\n<p>Current articles:<\/p>\n\n\n<ul class=\"wp-block-latest-posts__list wp-block-latest-posts\"><li><a href=\"https:\/\/schock.org\/en\/steigerung-der-energieeffizienz-in-staedtischen-siedlungsraeumen-die-energiewende-gelingt-nur-in-den-stadtquartieren-duplicate-1\">Chemiestandort sichern \u2013 mit biogenen Rest- und Abfallstoffen<\/a><\/li>\n<li><a href=\"https:\/\/schock.org\/en\/biooekonomie-welche-rolle-koennen-kommunen-bei-diesem-thema-spielen-duplicate-1\">Biogene Reststoffe \u2013 ein wesentlicher Stoffstrom f\u00fcr eine nachhaltige Kreislaufwirtschaft und Bio\u00f6konomie<\/a><\/li>\n<li><a href=\"https:\/\/schock.org\/en\/biooekonomie-welche-rolle-koennen-kommunen-bei-diesem-thema-spielen\">Bio\u00f6konomie \u2013 welche Rolle k\u00f6nnen Kommunen bei diesem Thema spielen?<\/a><\/li>\n<li><a href=\"https:\/\/schock.org\/en\/phytowelt-studie-zur-erfassung-des-biogenen-reststoffpotenzials\">Phytowelt \u2013 Studie zur Erfassung des biogenen Reststoffpotenzials<\/a><\/li>\n<\/ul>","protected":false},"excerpt":{"rendered":"<p>Aus Molkereiabw\u00e4sser k\u00f6nnen T-Shirts produziert werden, aus Pilzen werden Geldb\u00f6rsen. Alles Verfahren, die heute schon existieren und zeigen, dass man Reststoffe upcyceln kann. Voraussetzung sind regionale Konzepte, damit die Reststoffbesitzer \u2013 Abfallwirtschaft, Forstwirtschaft, Landwirtschaft, Lebensmittelindustrie etc. \u2013 kurze Wege zu den etablierten Unternehmen der chemischen und Kosmetikindustrie haben. Dadurch k\u00f6nnen Arbeitspl\u00e4tze gesichert und zusammen mit [&hellip;]<\/p>","protected":false},"author":1,"featured_media":0,"parent":0,"menu_order":0,"comment_status":"closed","ping_status":"closed","template":"","meta":[],"yoast_head":"<!-- This site is optimized with the Yoast SEO plugin v15.5 - https:\/\/yoast.com\/wordpress\/plugins\/seo\/ -->\n<title>Bio\u00f6komnomie \u2013 als Motor der regionalen Wirtschaft - Gabi Schock<\/title>\n<meta name=\"robots\" content=\"index, follow, max-snippet:-1, max-image-preview:large, max-video-preview:-1\" \/>\n<link rel=\"canonical\" href=\"https:\/\/schock.org\/en\/biooekonomie\/\" \/>\n<meta property=\"og:locale\" content=\"en_US\" \/>\n<meta property=\"og:type\" content=\"article\" \/>\n<meta property=\"og:title\" content=\"Bio\u00f6komnomie \u2013 als Motor der regionalen Wirtschaft - Gabi Schock\" \/>\n<meta property=\"og:description\" content=\"Aus Molkereiabw\u00e4sser k\u00f6nnen T-Shirts produziert werden, aus Pilzen werden Geldb\u00f6rsen. Alles Verfahren, die heute schon existieren und zeigen, dass man Reststoffe upcyceln kann. Voraussetzung sind regionale Konzepte, damit die Reststoffbesitzer \u2013 Abfallwirtschaft, Forstwirtschaft, Landwirtschaft, Lebensmittelindustrie etc. \u2013 kurze Wege zu den etablierten Unternehmen der chemischen und Kosmetikindustrie haben. Dadurch k\u00f6nnen Arbeitspl\u00e4tze gesichert und zusammen mit [&hellip;]\" \/>\n<meta property=\"og:url\" content=\"https:\/\/schock.org\/en\/biooekonomie\/\" \/>\n<meta property=\"og:site_name\" content=\"Gabi Schock\" \/>\n<meta property=\"article:modified_time\" content=\"2021-12-02T13:41:16+00:00\" \/>\n<meta name=\"twitter:card\" content=\"summary_large_image\" \/>\n<meta name=\"twitter:label1\" content=\"Est. reading time\">\n\t<meta name=\"twitter:data1\" content=\"2 minutes\">\n<script type=\"application\/ld+json\" class=\"yoast-schema-graph\">{\"@context\":\"https:\/\/schema.org\",\"@graph\":[{\"@type\":\"WebSite\",\"@id\":\"https:\/\/schock.org\/#website\",\"url\":\"https:\/\/schock.org\/\",\"name\":\"Gabi Schock\",\"description\":\"Kommunale Konzepte und Kooperationen\",\"potentialAction\":[{\"@type\":\"SearchAction\",\"target\":\"https:\/\/schock.org\/?s={search_term_string}\",\"query-input\":\"required name=search_term_string\"}],\"inLanguage\":\"en-US\"},{\"@type\":\"WebPage\",\"@id\":\"https:\/\/schock.org\/biooekonomie#webpage\",\"url\":\"https:\/\/schock.org\/biooekonomie\",\"name\":\"Bio\\u00f6komnomie \\u2013 als Motor der regionalen Wirtschaft - Gabi Schock\",\"isPartOf\":{\"@id\":\"https:\/\/schock.org\/#website\"},\"datePublished\":\"2020-12-18T11:36:00+00:00\",\"dateModified\":\"2021-12-02T13:41:16+00:00\",\"inLanguage\":\"en-US\",\"potentialAction\":[{\"@type\":\"ReadAction\",\"target\":[\"https:\/\/schock.org\/biooekonomie\"]}]}]}<\/script>\n<!-- \/ Yoast SEO plugin. -->","_links":{"self":[{"href":"https:\/\/schock.org\/en\/wp-json\/wp\/v2\/pages\/248"}],"collection":[{"href":"https:\/\/schock.org\/en\/wp-json\/wp\/v2\/pages"}],"about":[{"href":"https:\/\/schock.org\/en\/wp-json\/wp\/v2\/types\/page"}],"author":[{"embeddable":true,"href":"https:\/\/schock.org\/en\/wp-json\/wp\/v2\/users\/1"}],"replies":[{"embeddable":true,"href":"https:\/\/schock.org\/en\/wp-json\/wp\/v2\/comments?post=248"}],"version-history":[{"count":15,"href":"https:\/\/schock.org\/en\/wp-json\/wp\/v2\/pages\/248\/revisions"}],"predecessor-version":[{"id":627,"href":"https:\/\/schock.org\/en\/wp-json\/wp\/v2\/pages\/248\/revisions\/627"}],"wp:attachment":[{"href":"https:\/\/schock.org\/en\/wp-json\/wp\/v2\/media?parent=248"}],"curies":[{"name":"wp","href":"https:\/\/api.w.org\/{rel}","templated":true}]}}