{"id":243,"date":"2020-12-19T11:27:00","date_gmt":"2020-12-19T11:27:00","guid":{"rendered":"http:\/\/s522335281.online.de\/?page_id=243"},"modified":"2021-12-02T13:37:58","modified_gmt":"2021-12-02T13:37:58","slug":"abfallwirtschaft","status":"publish","type":"page","link":"https:\/\/schock.org\/en\/abfallwirtschaft","title":{"rendered":"Waste management \u2013 for the love of waste"},"content":{"rendered":"<p>Waste is more than getting rid of unloved things, treating them at great expense and then not using them again as high-quality raw materials.\u00a0Waste is more than technology, law and fees. Waste is the raw material storehouse of the future. The way we deal with waste shapes our attitude to life. Sustainable resource efficiency is also feasible in municipalities and regions if all stakeholders are involved. <strong>For the love of waste.<\/strong><\/p>\n\n\n\n<div style=\"height:30px\" aria-hidden=\"true\" class=\"wp-block-spacer\"><\/div>\n\n\n\n<hr class=\"wp-block-separator has-text-color has-background has-black-background-color has-black-color is-style-wide\"\/>\n\n\n\n<div class=\"wp-block-pb-accordion-item c-accordion__item js-accordion-item no-js\" data-initially-open=\"false\" data-click-to-close=\"true\" data-auto-close=\"true\" data-scroll=\"false\" data-scroll-offset=\"0\"><button id=\"at-65779\" class=\"c-accordion__title js-accordion-controller c-accordion__title--button\" role=\"button\"> Publications<\/button><div id=\"ac-65779\" class=\"c-accordion__content\">\n<ul><li>Posterpr\u00e4sentation in der 10. Statuskonferenz des BMWI Forschungsnetzwerkes \u201eBioenergie\u201c: Bio\u00f6konomie im Ballungsraum; Chemiestandort sichern &#8211; mit biogenen Rest- und Abfallstoffen\u201c 29.-30.11.2021 in Berlin<\/li><li>Mitautorin am DGAW-Positionspapier \u201eBiogene Reststoffe &#8211; ein wesentlicher Stoffstrom f\u00fcr eine nachhaltige Kreislaufwirtschaft und Bio\u00f6konomie\u201c vom 5.3.21<\/li><li>Schock, G.: \u201eMunicipal waste collection has to adapt to the new tasks\u201c, GoingPublic Magazin (3) 2013 23<\/li><li>Schock, G.: \u201eVon der Abfall- zur Rohstoffwirtschaft\u201c, Culliver Verlag 2011 177-191<\/li><li>Schock, G.: Interview: \u201eEine Win-win-Situation f\u00fcr alle Beteiligten\u201c zur Titelstory: \u201eKarriere in der Abfallwirtschaft\u201c, RECYCLING magazin (23) 2009 15<\/li><li>Schock, G.: PPP-Modelle im Deponieabschluss, Waste Consult 2006<\/li><li>Schock, G.: Abfallberatung- Anforderung an das Personal. Abwassertechnische Vereinigung H\/6 1996<\/li><li>Schock, G.; Priem, B.: Kommunale Gewerbeabfallberatung &#8211; Mit einer Gesamtkonzeption zu einer effektiven Dienstleistung. Entsorgungs Praxis (12) 1994 70-72<\/li><li>Priem, B.; Schock, G.: Wahl der Betriebsform in der kommunalen Abfallwirtschaft: zielgerichtet oder orientierungslos? In: B\u00fcro f\u00fcr Umwelt-P\u00e4dagogik Media (Hrsg.): Problemabf\u00e4lle in Gewerbe und Kommune &#8211; Branchenspezifische Beratungskonzepte, kommunales Abfallmanagement. Bd. 6 Sehnde 1994 75-87<\/li><li>Schock, G.: \u201eGlaubenskrieg\u201c in der kommunalen Entsorgungswirtschaft. Im Spannungsfeld zwischen abfallrechtlichen Anforderungen und maroden Finanzhaushalten. Das Rathaus (07) 1994 421-425<\/li><li>Schock, G.; Priem, B.: Managementplanung zur Neuorganisation der kommunalen Entsorgungswirtschaft. Entsorgungs Praxis (12) 1993 928-933<\/li><li>Lenz, M.; Schock, G.: Neuorientierung in der Abfallwirtschaft &#8211; Herausforderung an eine kommunale Umweltschutzpolitik. In: Hilbert, J.; St\u00f6be, S. (Hrsg.): Reformperspektiven im \u00f6ffentlichen Dienst. IAT-DS 2. Gelsenkirchen 1993&nbsp;<\/li><li>Schock, G.: Im Spannungsfeld. Umweltmagazin (9) 1993 22-26 Titelthema: Kommunen &#8211; Entsorgungskosten und leere Kassen<\/li><li>Schock, G.: Konfliktvermittlung bei Planungsprozessen von Abfallbehandlungs- und Entsorgungsanlagen. In: Rheinisches Institut f\u00fcr \u00d6kologie (Hrsg.): Tagungsreader zum Fachkongresse \u201eBioabfallmanagement \u00b493\u201c. K\u00f6ln 1993 341-344<\/li><li>Schock, G.; St\u00f6be, S.: Konfliktmittlung bei Planungsprozessen von Abfallbehandlungs- und Entsorgungsanlagen. Entsorgungs Praxis (9) 1992 608-615<\/li><li>Schock, G.: Konfliktvermittlung bei Planungsprozessen von Abfallbehandlungs- und Entsorgungsanlagen. In: Deutsche Gesellschaft f\u00fcr Abfallwirtschaft e.V. (Hrsg.): Tagungsreader zur 7. Fachtagung Abfallwirtschaft, Magdeburg M\u00e4rz 1992<\/li><\/ul>\n\n\n\n<p><\/p>\n<\/div><\/div>\n\n\n\n<hr class=\"wp-block-separator has-text-color has-background has-black-background-color has-black-color is-style-wide\"\/>\n\n\n\n<div class=\"wp-block-pb-accordion-item c-accordion__item js-accordion-item no-js\" data-initially-open=\"false\" data-click-to-close=\"true\" data-auto-close=\"true\" data-scroll=\"false\" data-scroll-offset=\"0\"><button id=\"at-10018\" class=\"c-accordion__title js-accordion-controller c-accordion__title--button\" role=\"button\"><strong> <\/strong>Presentations, moderations<\/button><div id=\"ac-10018\" class=\"c-accordion__content\">\n<ul><li>10\/21 \u201eNeuer europ\u00e4ischer\u00a0 Aktionsplan f\u00fcr die\u00a0 Kreislaufwirtschaft; Herausforderung f\u00fcr die deutsche Kommunen UND Chance f\u00fcr internationale Kooperationen und Austausch, RGRE-Ausschuss f\u00fcr Kommunale Zusammenarbeit<\/li><li>04\/21 Expertin in der Onlinie-Diskussion \u201eEurop\u00e4ische Kreislaufwirtschaft: Keine Ressourcen f\u00fcr die Tonne &#8211; Wandel von einem linearen zu einem zirkul\u00e4ren Wirtschaftsmodell!\u201c- Gastgeberin Petra Kammerevert, MdEP, Br\u00fcssel<\/li><li>03\/20 Referentin im II. Deutsch-Kapverdischen Umweltworkshop \u201eNachhaltiges Baumanagement in Kapverde\u201c, Deutsch-Portugiesische Industrie- und Handelskammer, Insel Santiago<\/li><li>03\/20 Referentin im II. Deutsch-Kapverdischen Umweltworkshop \u201eNachhaltiges Baumanagement in Kapverde\u201c, Deutsch-Portugiesische Industrie- und Handelskammer, Insel Santiago<\/li><li>08\/19 Internationale Stakeholderplattform von Connective Cities: \u201cKommunale Dienstleistungserbringung und Ans\u00e4tze f\u00fcr partizipatives und transparentes Management, am Beispiel Abfallwirtschaft\u201c, Workshop in Harare, Simbabwe<\/li><li>08\/19 \u201eRecycling &#8211; aus Sicht der Abfallwirtschaft\u201c, RIN-Workshop \u201eIs there a life after the End-of-Live?\u201d, D\u00fcsseldorf<\/li><li>04\/19 Referentin im I. Deutsch-Kapverdischen Umweltworkshop \u201eAbfall- und Kreislaufwirtschaft in Kap Verde\u201c, Deutsch-Portugiesische Industrie- und Handelskammer, Insel Santiago<\/li><li>06\/18 Vortrag: \u201eDeutsche Abfallwirtschaft und die Circle Economy\u201c f\u00fcr Delegation des Finnischen Abfallwirtschaftsverbandes<\/li><li>11\/17 Unterst\u00fctzung der Connective Cities Fachinformationsreise \u201eKreislaufwirtschaft in Deutschland\u201c f\u00fcr t\u00fcrkische Kommunen, in Krefeld und K\u00f6ln<\/li><li>10\/17 Plenumsdiskussion der Beh\u00f6rdenspiegel-Veranstaltung \u201eZukunft der Abfallwirtschaft\u201c, Bonn<\/li><li>05\/17 Kurzzeitexperte kommunale Abfallwirtschaft im Rahmen der \u201eInternationalen St\u00e4dte-Plattform Connective Cities\u201c in Sfax und Sakied Sidi Youssef, Tunesien<\/li><li>05\/17 Pr\u00e4sentation: \u201eKenntnisse, Erfahrungen und Chancen f\u00fcr die Abfallwirtschaft\u201c im RIN- Workshop: \u201eInnovative Logistikkonzepte in der Bio\u00f6konomie\u201c, D\u00fcsseldorf<\/li><li>03\/17 Vortrag: \u201eEinbeziehung von Akteuren in die kommunale Abfallwirtschaft\u201c, im Rahmen der Connective Cities Fachinformationsreise der jordanischen Delegation<\/li><li>01\/17 Beitrag zum RegioRess-Expertenworkshop im Rahmen des UBA-Vorhabens \u201eRegioRess \u2013 Hemmnisse und Potentiale zur Ressourceneffizienzsteigerung durch Optimierung regionaler und lokaler Stoffkreisl\u00e4ufe und Stoffstr\u00f6me\u201c, Deutsches Institut f\u00fcr Urbanistik, Berlin<\/li><li>09\/16 Vortrag: \u201cIntegrated Solid Waste Management System\u201d, Connective Cities Dialogue Event with international and German cities in Rostock<\/li><li>05\/16 Keynote-Vortrag: \u201cIntegrated Solid Waste Management System \u2013 Requirements and success factors\u201d sowie Cluster \u201cPlanning an implementation of modern and sustainable waste management\u201d, Connective Cities Practioners\u00b4Workshop in Jordanien<\/li><li>02\/15 Vortrag: \u201eAbfallwirtschaftspolitik\u201c, Piratenpartei M\u00fclheim an der Ruhr<\/li><li>06\/13 REW 2013 Istanbul: \u201cAvrupa ve Almany\u00e1da Geri D\u00f6nus\u00fcm\u00fcn Yasal Cercevesi (Rechtliche Rahmenbedingungen des Recyclings in Deutschland und Europa)\u201d im Rahmen des AGED-Kongresses<\/li><li>11\/13 Vortrag: \u201eRare Ware M\u00fcll- Fernw\u00e4rme aus Abfall\u201c, 3. EID W\u00e4rme-Forum \u201eEnergiewende im W\u00e4rmemarkt\u201c in Hamburg<\/li><li>06\/12 CleanTechNRW. \u201e Nachhaltige Abfall- und Rohstoffwirtschaft\u201c im Rahmen des Innovations-Workshops in Bergheim-Niederau\u00dfem<\/li><li>05\/11 Vortrag: \u201eVon der Abfall- zur Rohstoffwirtschaft\u201c im Rahmen der internationalen \u201eWaste-to-Resources 2011- Tagung\u201c in Hannover<\/li><li>01\/11 Moderation: \u201eWir packen es an! Referentinnen berichten zur Umsetzung des Kreislaufwirtschaftsgesetzes\u201c im Rahmen der Terratec-Messe in Leipzig<\/li><li>01\/09 Moderation \u201eStand der Abfallentsorgung in Europa \u201c mit Teilnehmern aus Nishnij\/Novgorod (Russland) im Rahmen der Terratec-Messe in Leipzig<\/li><li>12\/08 Workshop: \u201eVorbereitende Schritte f\u00fcr den nationalen Abfallentsorgungsplan in Kosovo\u201c Teilnehmer u.a. aus der kosovanischen Umweltagentur sowie Umweltministerium, der Gesellschaft f\u00fcr technische Zusammenarbeit, Eschborn in Prishtina, Kosovo<\/li><li>10\/08 Vortrag: \u201eChancen und M\u00e4rkte f\u00fcr die Kreislaufwirtschaft im Ausland\u201c im Rahmen des Workshops des Wirtschaftsf\u00f6rderungszentrums Ruhr f\u00fcr Entsorgungs- und Verwertungsgesellschaft e.V. und der Deutschen Gesellschaft f\u00fcr Abfallwirtschaft e.V. in Duisburg<\/li><li>09\/07 Moderation des Workshop \u201eExport von Recycling- und Exportdienstleistungen\u201c im Rahmen der Tagung: Exportinitiative Recycling- und Effizienztechnik \u2013 Handlungsbedarf und Perspektiven- des Bundesministeriums f\u00fcr Umwelt, Naturschutz und Reaktorsicherheit in Bonn<\/li><li>12\/06 Vortrag: \u201ePPP-Modelle im Deponieabschluss\u201c Veranstalter: Waste Consult in Hannover<\/li><li>09\/06 Konzeption der Veranstaltung \u201e(Alb-) Traum Entsorgungssicherheit\u201c, K\u00f6ln. Veranstalter: Deutsche Gesellschaft f\u00fcr Abfallwirtschaft, Berlin<\/li><li>03\/05 Konzeption und Moderation der Veranstaltung: \u201eWieviele Unternehmen braucht der Markt ?\u201c, L\u00fcnen, Veranstalter: Deutsche Gesellschaft f\u00fcr Abfallwirtschaft, Berlin<\/li><li>09\/03 Konzeption und Moderation der Veranstaltung: \u201eFinanzielle Auswirkungen der Deponienachsorge\u201c, Dortmund. Veranstalter: Deutsche Gesellschaft f\u00fcr Abfallwirtschaft, Berlin<\/li><li>09\/02 Konzeption der Veranstaltung: \u201eKursbestimmungen \u2013 Das Eigene und das Fremde\u201c, D\u00fcsseldorf. Veranstalter: Deutsche Gesellschaft f\u00fcr Abfallwirtschaft, Berlin<\/li><li>09\/01 Konzeption der Veranstaltung: \u201eZukunft der Hochschulausbildung in der Abfallwirtschaft\u201c, Bonn. Veranstalter: ATV\/DVWK e.V., Hennef und DGAW e.V., Berlin<\/li><li>05\/01 Konzeption der Veranstaltung: \u201eLiberalisierung der Abfallwirtschaft im Streitgespr\u00e4ch zwischen den Entsorgungsbetrieben und Haushalten- wo bleibt der Verbraucher bei der Entsorgung ?\u201c, K\u00f6ln. Veranstalter: Deutsche Gesellschaft f\u00fcr Abfallwirtschaft, Berlin<\/li><li>11\/00 Referat: \u201e\u00d6ffentliche Entsorger im Wettbewerb- wo sind die Hindernisse ?\u201c Fachtagung: \u201eKommunale Abfallwirtschaft- Untergang oder Wiederbelebung ?\u201c Veranstalter: Bildungszentrum f\u00fcr die Entsorgungs- und Wasserwirtschaft GmbH, Duisburg in Zusammenarbeit mit dem Verband kommunaler St\u00e4dtereinigungsbetriebe und dem Verband kommunaler Unternehmen<\/li><li>09\/00 Organisation der Tagung \u201eAuf dem Weg in eine abfalllose Gesellschaft ? &#8211; Von der heutigen Abfallwirtschaft zu einer zukunftsorientierten Stoffstrompolitik\u201c Veranstalter: Ev. Akademie Iserlohn in Zusammenarbeit mit der Deutschen Gesellschaft f\u00fcr Abfallwirtschaft, Berlin<\/li><li>03\/00 Konzeption der Veranstaltung: \u201eZielvorstellungen in der Abfallwirtschaft\u201c Veranstalter: Deutsche Gesellschaft f\u00fcr Abfallwirtschaft<\/li><li>09\/99 Konzeption der Veranstaltung: \u201eAnlagenauslastung zwischen Marktwirtschaft und Abfallplanung\u201c Veranstalter: Deutsche Gesellschaft f\u00fcr Abfallwirtschaft, Berlin<\/li><li>06\/96 Referat \u201eAbfallberatung- Anforderung an das Personal\u201e in Fulda. Fortbildungskurs H\/&amp; \u201eABFALL vermeiden, verwerten und entsorgen\u201e Veranstalter: Abwassertechnische Vereinigung e.V. \u201eATV\u201e, Hennef<\/li><li>06\/96 Referat \u201e\u00d6ffentlichkeitsarbeit und Abfallberatung\u201e in Warschau, Polen. Seminar: Abfallwirtschaft in polnischen Kommunen. Veranstalter: Fundacja Edukacji Ekonomicznej, Warschau sowie Die Umweltakademie e.V., We\u00dfling. Tr\u00e4ger: Umweltbundesamt, Berlin<\/li><li>06\/96 Referat auf der Veranstaltung \u201eUmstrukturierung der Bremer Entsorgungsbetriebe: privat oder kommunal ?\u201e in Bremen. Veranstalter: Fraktion B\u00fcndnis 90\/ Die Gr\u00fcnen in der Bremischen B\u00fcrgerschaft<\/li><li>02\/96 Referat \u201e\u00d6ffentlichkeitsarbeit und Abfallberatung\u201e in Ojerzyce, Polen. Seminar: Abfallwirtschaft in polnischen Kommunen. Veranstalter: Fundacja Edukacji Ekonomicznej, Warschau sowie Die Umweltakademie e.V., We\u00dfling. Tr\u00e4ger: Umweltbundesamt, Berlin<\/li><li>02\/96 Referat \u201eUmweltschutz und Recycling- Qualifizierung f\u00fcr eine Kreislaufwirtschaft\u201e in Moers. Veranstalter: Institut f\u00fcr Arbeit und Technik, im Wissenschaftszentrum NRW, Gelsenkirchen<\/li><li>11-12\/95 Konzeptentwicklung und Organisation des Chefseminars \u201eGeb\u00fchren in der Abfallwirtschaft \u2013 Modelle und Rechtsfragen\u201e im Auftrag des Landes Hessen vertreten durch das Institut f\u00fcr kommunale Wirtschaft<\/li><li>10\/94 Referat \u201eWahl der Betriebsform in der kommunalen Abfallwirtschaft &#8211; zielgerichtet oder orientierungslos?\u201c auf der Fachtagung \u201eGewerbeabfallberatung III Problemabf\u00e4lle in Gewerbe und Kommunen\u201c in G\u00f6ttingen. Veranstalter: B\u00fcro f\u00fcr Umwelt-P\u00e4dagogik Media, Sehnde<\/li><li>09\/94 Referat auf der Veranstaltung \u201ePrivatisierte M\u00fcllverbrennung im Landkreis G\u00f6ppingen\u201c in G\u00f6ppingen. Veranstalter: B\u00fcndnis 90\/Die Gr\u00fcnen\/Gr\u00fcn-Alternative-Liste, Landkreis G\u00f6ppingen<\/li><li>06\/93 Referat \u201eKommunale Organisationsformen &#8211; Das Beispiel Abfallwirtschaft\u201c auf dem Workshop \u201eReformperspektiven im \u00f6ffentlichen Dienst &#8211; Hat die schlanke Verwaltung eine Chance?\u201c in Gelsenkirchen. Veranstalter: Institut Arbeit und Technik, Wissenschaftszentrum NRW, Gelsenkirchen<\/li><li>03\/93 Referat: \u201eKonfliktvermittlung bei Planungsprozessen von Abfallbehandlungs- und -entsorgungsanlagen\u201c auf dem Fachkongress \u201eBioabfallmanagement &#8217;93\u201c in Recklinghausen. Veranstalter: Rheinisches Institut f\u00fcr \u00d6kologie, K\u00f6ln<\/li><li>03\/92 Referat \u201eKonfliktmittlung bei Planungsprozessen von Abfallbehandlungs- und Entsorgungsanlagen\u201c auf der 7. Fachtagung Abfallwirtschaft \u201eDer \u00dcbergang von der Abfallbeseitigung zur integrierten Abfallwirtschaft\u201c in Magdeburg. Veranstalter: Deutsche Gesellschaft f\u00fcr Abfallwirtschaft, Essen und Kommission Abfallwirtschaft im Ingenieurtechnischen Verband KDT e.V., Berlin<\/li><\/ul>\n\n\n\n<p><\/p>\n<\/div><\/div>\n\n\n\n<hr class=\"wp-block-separator has-text-color has-background has-black-background-color has-black-color is-style-wide\"\/>\n\n\n\n<div style=\"height:30px\" aria-hidden=\"true\" class=\"wp-block-spacer\"><\/div>\n\n\n\n<p>Current articles:<\/p>\n\n\n<ul class=\"wp-block-latest-posts__list wp-block-latest-posts\"><li><a href=\"https:\/\/schock.org\/en\/steigerung-der-energieeffizienz-in-staedtischen-siedlungsraeumen-die-energiewende-gelingt-nur-in-den-stadtquartieren-duplicate-1\">Chemiestandort sichern \u2013 mit biogenen Rest- und Abfallstoffen<\/a><\/li>\n<li><a href=\"https:\/\/schock.org\/en\/biooekonomie-welche-rolle-koennen-kommunen-bei-diesem-thema-spielen-duplicate-1\">Biogene Reststoffe \u2013 ein wesentlicher Stoffstrom f\u00fcr eine nachhaltige Kreislaufwirtschaft und Bio\u00f6konomie<\/a><\/li>\n<li><a href=\"https:\/\/schock.org\/en\/deponieabschluss-und-nachsorge-via-ppp-modell\">Deponieabschluss und Nachsorge via PPP-Modell<\/a><\/li>\n<li><a href=\"https:\/\/schock.org\/en\/lieferanten-und-auftragnehmer-in-betriebliches-und-kommunales-umweltmanagement-einbeziehen\">Lieferanten und Auftragnehmer in betriebliches und kommunales Umweltmanagement einbeziehen<\/a><\/li>\n<li><a href=\"https:\/\/schock.org\/en\/engagement-der-mitarbeiter-ist-schluessel-fuer-umsetzung-des-eg-oeko-audits\">Engagement der Mitarbeiter ist Schl\u00fcssel f\u00fcr Umsetzung des EG-\u00d6ko-Audits<\/a><\/li>\n<\/ul>","protected":false},"excerpt":{"rendered":"<p>Abfall ist mehr als sich ungeliebter Dinge zu entledigen, aufw\u00e4ndig zu behandeln, um sie dann nicht wieder hochwertig als Rohstoffe zu nutzen.&nbsp;Abfall ist mehr als Technik, Recht und Geb\u00fchren. Abf\u00e4lle sind die Rohstofflager der Zukunft. Der Umgang mit Abfall pr\u00e4gt unsere Lebenseinstellung. Nachhaltige Ressourceneffizienz ist auch in Kommunen und Regionen machbar, wenn alle Akteure einbezogen [&hellip;]<\/p>","protected":false},"author":1,"featured_media":0,"parent":0,"menu_order":0,"comment_status":"closed","ping_status":"closed","template":"","meta":[],"yoast_head":"<!-- This site is optimized with the Yoast SEO plugin v15.5 - https:\/\/yoast.com\/wordpress\/plugins\/seo\/ -->\n<title>Abfallwirtschaft \u2013 aus Liebe zum Abfall - Gabi Schock<\/title>\n<meta name=\"robots\" content=\"index, follow, max-snippet:-1, max-image-preview:large, max-video-preview:-1\" \/>\n<link rel=\"canonical\" href=\"https:\/\/schock.org\/en\/abfallwirtschaft\/\" \/>\n<meta property=\"og:locale\" content=\"en_US\" \/>\n<meta property=\"og:type\" content=\"article\" \/>\n<meta property=\"og:title\" content=\"Abfallwirtschaft \u2013 aus Liebe zum Abfall - Gabi Schock\" \/>\n<meta property=\"og:description\" content=\"Abfall ist mehr als sich ungeliebter Dinge zu entledigen, aufw\u00e4ndig zu behandeln, um sie dann nicht wieder hochwertig als Rohstoffe zu nutzen.&nbsp;Abfall ist mehr als Technik, Recht und Geb\u00fchren. Abf\u00e4lle sind die Rohstofflager der Zukunft. Der Umgang mit Abfall pr\u00e4gt unsere Lebenseinstellung. Nachhaltige Ressourceneffizienz ist auch in Kommunen und Regionen machbar, wenn alle Akteure einbezogen [&hellip;]\" \/>\n<meta property=\"og:url\" content=\"https:\/\/schock.org\/en\/abfallwirtschaft\/\" \/>\n<meta property=\"og:site_name\" content=\"Gabi Schock\" \/>\n<meta property=\"article:modified_time\" content=\"2021-12-02T13:37:58+00:00\" \/>\n<meta name=\"twitter:card\" content=\"summary_large_image\" \/>\n<meta name=\"twitter:label1\" content=\"Est. reading time\">\n\t<meta name=\"twitter:data1\" content=\"6 minutes\">\n<script type=\"application\/ld+json\" class=\"yoast-schema-graph\">{\"@context\":\"https:\/\/schema.org\",\"@graph\":[{\"@type\":\"WebSite\",\"@id\":\"https:\/\/schock.org\/#website\",\"url\":\"https:\/\/schock.org\/\",\"name\":\"Gabi Schock\",\"description\":\"Kommunale Konzepte und Kooperationen\",\"potentialAction\":[{\"@type\":\"SearchAction\",\"target\":\"https:\/\/schock.org\/?s={search_term_string}\",\"query-input\":\"required name=search_term_string\"}],\"inLanguage\":\"en-US\"},{\"@type\":\"WebPage\",\"@id\":\"https:\/\/schock.org\/abfallwirtschaft#webpage\",\"url\":\"https:\/\/schock.org\/abfallwirtschaft\",\"name\":\"Abfallwirtschaft \\u2013 aus Liebe zum Abfall - Gabi Schock\",\"isPartOf\":{\"@id\":\"https:\/\/schock.org\/#website\"},\"datePublished\":\"2020-12-19T11:27:00+00:00\",\"dateModified\":\"2021-12-02T13:37:58+00:00\",\"inLanguage\":\"en-US\",\"potentialAction\":[{\"@type\":\"ReadAction\",\"target\":[\"https:\/\/schock.org\/abfallwirtschaft\"]}]}]}<\/script>\n<!-- \/ Yoast SEO plugin. -->","_links":{"self":[{"href":"https:\/\/schock.org\/en\/wp-json\/wp\/v2\/pages\/243"}],"collection":[{"href":"https:\/\/schock.org\/en\/wp-json\/wp\/v2\/pages"}],"about":[{"href":"https:\/\/schock.org\/en\/wp-json\/wp\/v2\/types\/page"}],"author":[{"embeddable":true,"href":"https:\/\/schock.org\/en\/wp-json\/wp\/v2\/users\/1"}],"replies":[{"embeddable":true,"href":"https:\/\/schock.org\/en\/wp-json\/wp\/v2\/comments?post=243"}],"version-history":[{"count":17,"href":"https:\/\/schock.org\/en\/wp-json\/wp\/v2\/pages\/243\/revisions"}],"predecessor-version":[{"id":623,"href":"https:\/\/schock.org\/en\/wp-json\/wp\/v2\/pages\/243\/revisions\/623"}],"wp:attachment":[{"href":"https:\/\/schock.org\/en\/wp-json\/wp\/v2\/media?parent=243"}],"curies":[{"name":"wp","href":"https:\/\/api.w.org\/{rel}","templated":true}]}}