{"id":236,"date":"2020-12-22T10:54:09","date_gmt":"2020-12-22T10:54:09","guid":{"rendered":"http:\/\/s522335281.online.de\/?page_id=236"},"modified":"2023-11-26T15:12:24","modified_gmt":"2023-11-26T15:12:24","slug":"ziele","status":"publish","type":"page","link":"https:\/\/schock.org\/en\/ziele","title":{"rendered":"My objectives"},"content":{"rendered":"<p>I work in an interdisciplinary network of experienced consultants in the fields of politics and administration, technology and economics as well as communication and law. This results in customised concepts, studies, workshops and strategy consultations for municipalities and regions, which are characterised by joint action of the actors on the ground.<\/p>\n\n\n\n<div style=\"height:30px\" aria-hidden=\"true\" class=\"wp-block-spacer\"><\/div>\n\n\n\n<div class=\"wp-block-buttons aligncenter\">\n<div class=\"wp-block-button\"><a class=\"wp-block-button__link has-background\" href=\"https:\/\/schock.org\/en\/managementplanung\/\" style=\"background-color:#009665\">Management planning<\/a><\/div>\n\n\n\n<div class=\"wp-block-button\"><a class=\"wp-block-button__link has-background\" href=\"https:\/\/schock.org\/en\/abfallwirtschaft\/\" style=\"background-color:#009665\">Waste management<\/a><\/div>\n\n\n\n<div class=\"wp-block-button\"><a class=\"wp-block-button__link has-background\" href=\"https:\/\/schock.org\/en\/biooekonomie\/\" style=\"background-color:#009665\">Bioeconomy<\/a><\/div>\n\n\n\n<div class=\"wp-block-button\"><a class=\"wp-block-button__link has-background\" href=\"https:\/\/schock.org\/en\/flaechenreaktivierung\/\" style=\"background-color:#009665\">Land reactivation<\/a><\/div>\n\n\n\n<div class=\"wp-block-button\"><a class=\"wp-block-button__link has-background\" href=\"https:\/\/schock.org\/en\/elektromobilitaet\/\" style=\"background-color:#009665\">Electromobility<\/a><\/div>\n<\/div>\n\n\n\n<p><\/p>","protected":false},"excerpt":{"rendered":"<p>I work in an interdisciplinary network of experienced consultants in the fields of politics and administration, technology and economics as well as communication and law. This results in customised concepts, studies, workshops and strategy consultations for municipalities and regions, which are characterised by joint action of the actors on the ground.<\/p>","protected":false},"author":1,"featured_media":0,"parent":0,"menu_order":0,"comment_status":"closed","ping_status":"closed","template":"","meta":[],"yoast_head":"<!-- This site is optimized with the Yoast SEO plugin v15.5 - https:\/\/yoast.com\/wordpress\/plugins\/seo\/ -->\n<title>Meine Ziele - Gabi Schock<\/title>\n<meta name=\"robots\" content=\"index, follow, max-snippet:-1, max-image-preview:large, max-video-preview:-1\" \/>\n<link rel=\"canonical\" href=\"https:\/\/schock.org\/en\/ziele\/\" \/>\n<meta property=\"og:locale\" content=\"en_US\" \/>\n<meta property=\"og:type\" content=\"article\" \/>\n<meta property=\"og:title\" content=\"Meine Ziele - Gabi Schock\" \/>\n<meta property=\"og:description\" content=\"Ich arbeite in einem interdisziplin\u00e4ren Netzwerk erfahrener BeraterInnen in den Bereichen Politik und Verwaltung, Technik und Wirtschaft sowie Kommunikation und Recht. Daraus entstehen ma\u00dfgeschneiderte Konzepte, Studien, Workshops und Strategieberatungen f\u00fcr Kommunen und Regionen, die gepr\u00e4gt sind von einem gemeinsamen Handeln der Akteure vor Ort.\" \/>\n<meta property=\"og:url\" content=\"https:\/\/schock.org\/en\/ziele\/\" \/>\n<meta property=\"og:site_name\" content=\"Gabi Schock\" \/>\n<meta property=\"article:modified_time\" content=\"2023-11-26T15:12:24+00:00\" \/>\n<meta name=\"twitter:card\" content=\"summary_large_image\" \/>\n<meta name=\"twitter:label1\" content=\"Est. reading time\">\n\t<meta name=\"twitter:data1\" content=\"0 minutes\">\n<script type=\"application\/ld+json\" class=\"yoast-schema-graph\">{\"@context\":\"https:\/\/schema.org\",\"@graph\":[{\"@type\":\"WebSite\",\"@id\":\"https:\/\/schock.org\/#website\",\"url\":\"https:\/\/schock.org\/\",\"name\":\"Gabi Schock\",\"description\":\"Kommunale Konzepte und Kooperationen\",\"potentialAction\":[{\"@type\":\"SearchAction\",\"target\":\"https:\/\/schock.org\/?s={search_term_string}\",\"query-input\":\"required name=search_term_string\"}],\"inLanguage\":\"en-US\"},{\"@type\":\"WebPage\",\"@id\":\"https:\/\/schock.org\/ziele#webpage\",\"url\":\"https:\/\/schock.org\/ziele\",\"name\":\"Meine Ziele - Gabi Schock\",\"isPartOf\":{\"@id\":\"https:\/\/schock.org\/#website\"},\"datePublished\":\"2020-12-22T10:54:09+00:00\",\"dateModified\":\"2023-11-26T15:12:24+00:00\",\"inLanguage\":\"en-US\",\"potentialAction\":[{\"@type\":\"ReadAction\",\"target\":[\"https:\/\/schock.org\/ziele\"]}]}]}<\/script>\n<!-- \/ Yoast SEO plugin. -->","_links":{"self":[{"href":"https:\/\/schock.org\/en\/wp-json\/wp\/v2\/pages\/236"}],"collection":[{"href":"https:\/\/schock.org\/en\/wp-json\/wp\/v2\/pages"}],"about":[{"href":"https:\/\/schock.org\/en\/wp-json\/wp\/v2\/types\/page"}],"author":[{"embeddable":true,"href":"https:\/\/schock.org\/en\/wp-json\/wp\/v2\/users\/1"}],"replies":[{"embeddable":true,"href":"https:\/\/schock.org\/en\/wp-json\/wp\/v2\/comments?post=236"}],"version-history":[{"count":16,"href":"https:\/\/schock.org\/en\/wp-json\/wp\/v2\/pages\/236\/revisions"}],"predecessor-version":[{"id":633,"href":"https:\/\/schock.org\/en\/wp-json\/wp\/v2\/pages\/236\/revisions\/633"}],"wp:attachment":[{"href":"https:\/\/schock.org\/en\/wp-json\/wp\/v2\/media?parent=236"}],"curies":[{"name":"wp","href":"https:\/\/api.w.org\/{rel}","templated":true}]}}