{"id":229,"date":"2020-12-20T10:47:00","date_gmt":"2020-12-20T10:47:00","guid":{"rendered":"http:\/\/s522335281.online.de\/?page_id=229"},"modified":"2021-01-14T13:43:16","modified_gmt":"2021-01-14T13:43:16","slug":"managementplanung","status":"publish","type":"page","link":"https:\/\/schock.org\/en\/managementplanung","title":{"rendered":"Management planning \u2013better together"},"content":{"rendered":"<p>Citizen participation, employee motivation, environmental justice, site selection, change management - municipal environmental protection and the associated environmental planning face new challenges every day. These enable innovations when the relevant actors, citizens, associations, companies, administration and politics act together. Five-stage management planning therefore combines project planning instruments with those of conflict management. The result is a transparent, participatory, integrated, efficient process that takes everyone's interests into account: <strong>Better. Together<\/strong>.<\/p>\n\n\n\n<div style=\"height:30px\" aria-hidden=\"true\" class=\"wp-block-spacer\"><\/div>\n\n\n\n<hr class=\"wp-block-separator has-text-color has-background has-black-background-color has-black-color is-style-wide\"\/>\n\n\n\n<div class=\"wp-block-pb-accordion-item c-accordion__item js-accordion-item no-js\" data-initially-open=\"false\" data-click-to-close=\"true\" data-auto-close=\"true\" data-scroll=\"false\" data-scroll-offset=\"0\"><button id=\"at-65779\" class=\"c-accordion__title js-accordion-controller c-accordion__title--button\" role=\"button\"> Publications<\/button><div id=\"ac-65779\" class=\"c-accordion__content\">\n<ul><li>Pluschke, P.; Schock, G.: Konfliktmanagement im kommunalen Umweltschutz. Stadt- Industrie- Umwelt: St\u00e4dtisch- industrieller Umweltschutz in der Technischen Zusammenarbeit, Universum Verlagsanstalt 1998 52-63\u00a0<\/li><li>Priem, B.; Schock, G.: Umweltschutz nicht nur Chefsache. Umweltmagazin (39) 1996 32<\/li><li>Schock, G.;\u00a0 Priem, B.:\u00a0 Von hohem Stellenwert. Das Engagement der Mitarbeiter in den Unternehmen ist ein Schl\u00fcssel zur Umsetzung des EG-\u00d6ko-Audits. M\u00fcllmagazin (4) 1995 36-38<\/li><li>Schock, G.; St\u00f6be, S.: Umweltverwaltung in den Bundesl\u00e4ndern &#8211; Ans\u00e4tze zur Modernisierung (Teil 3). Entsorgungs Praxis (6) 1995 98-100<\/li><li>Schock, G.; St\u00f6be, S.: Umweltverwaltung in den Bundesl\u00e4ndern &#8211; Ans\u00e4tze zur Modernisierung (Teil 2). Entsorgungs Praxis (5) 1995 74-76<\/li><li>Schock, G.; St\u00f6be, S.: Umweltverwaltung in den Bundesl\u00e4ndern &#8211; Ans\u00e4tze zur Modernisierung (Teil 1). Entsorgungs Praxis (4) 1995 49-53<\/li><li>Schock, G.; D\u00f6pcke, H.; Cla\u00dfen, R.: Neue Dimensionen der kommunalen Umweltpolitik. Entsorgungs Praxis (1\/2) 1995 82-84<\/li><li>Schock, G.: Kommunaler Umweltschutz. \u00d6kologische Briefe Nr. 36 (9) 1993 13-15<\/li><li>Schock, G.; Priem, B.: \u201eSchlanke\u201c Verwaltung contra B\u00fcrgerbeteiligung? Vorstellung eines neuen Instruments zur Verbesserung der Effizienz und Transparenz in der Kommunalverwaltung. Umwelt kommunal Nr. 203\/29.3.94 I-IV<\/li><li>Schock, G.; Priem, B.: Managementplanung zur Neuorganisation der kommunalen Entsorgungswirtschaft. Entsorgungs Praxis (12) 1993 928-933<\/li><li>Schock, G.: Im Spannungsfeld. Umweltmagazin (9) 1993 22-26 Titelthema: Kommunen &#8211; Entsorgungskosten und leere Kassen<\/li><li>Schock, G.: Konfliktvermittlung bei Planungsprozessen von Abfallbehandlungs- und Entsorgungsanlagen. In: Rheinisches Institut f\u00fcr \u00d6kologie (Hrsg.): Tagungsreader zum Fachkongresse \u201eBioabfallmanagement \u00b493\u201c. K\u00f6ln 1993 341-344<\/li><li>Schock, G.; St\u00f6be, S.: Konfliktmittlung bei Planungsprozessen von Abfallbehandlungs- und Entsorgungsanlagen. Entsorgungs Praxis (9) 1992 608-615<\/li><li>Schock, G.: Konfliktvermittlung bei Planungsprozessen von Abfallbehandlungs- und Entsorgungsanlagen. In: Deutsche Gesellschaft f\u00fcr Abfallwirtschaft e.V. (Hrsg.): Tagungsreader zur 7. Fachtagung Abfallwirtschaft, Magdeburg M\u00e4rz 1992<\/li><\/ul>\n\n\n\n<p><\/p>\n<\/div><\/div>\n\n\n\n<hr class=\"wp-block-separator has-text-color has-background has-black-background-color has-black-color is-style-wide\"\/>\n\n\n\n<div class=\"wp-block-pb-accordion-item c-accordion__item js-accordion-item no-js\" data-initially-open=\"false\" data-click-to-close=\"true\" data-auto-close=\"true\" data-scroll=\"false\" data-scroll-offset=\"0\"><button id=\"at-10018\" class=\"c-accordion__title js-accordion-controller c-accordion__title--button\" role=\"button\"><strong> <\/strong>Presentations, moderations<\/button><div id=\"ac-10018\" class=\"c-accordion__content\">\n<ul><li>04\/13 Podiumsdiskussionsteilnehmerin zu \u201eVer\u00e4nderungspotenziale von F\u00fchrungsfrauen in Umwelt und Technik\u201c, Bergische Universit\u00e4t Wuppertal und Wuppertal Institut f\u00fcr Klima, Umwelt. Energie. Wuppertal<\/li><li>01\/13 Terra Tec-Messe Leipzig: \u201eVom Konflikt zum Konsens- Managementplanung f\u00fcr eine effiziente B\u00fcrgerbeteiligung\u201c im Rahmen des Workshops \u201eJetzt hat der B\u00fcrger das Wort!\u201c<\/li><li>03\/11 Vortrag: \u201eDie Kommune, mein Partner- Erfolgsfaktoren f\u00fcr den Umgang mit Kommunen bei auslaufenden Konzessionsvertr\u00e4gen\u201c im Rahmen der EUROFORUM-Veranstaltung \u201eKonzessionswettbewerb- Die Netzlandschaft ver\u00e4ndert sich! In D\u00fcsseldorf<\/li><li>11\/09 Bundesumweltministerium\/Umweltbundesamt-Exportinitiative Recycling- und Effizienztechnik: Vortrag zu \u201eRum\u00e4nien\u201c im Rahmen des Eastern European Environmental Summit, im Rahmen der ENTSORGA-ENTECO-Messe, K\u00f6ln<\/li><li>03\/09 Vortrag beim Vorbereitungstreffen der Unternehmerreise des Bundeswirtschaftsministeriums zur \u201eMarkterkundung und Kooperationsanbahnung f\u00fcr technische Dienstleister und innovative Unternehmen der Umwelttechnik nach Westrum\u00e4nien\u201c\u00a0<\/li><li>06\/02 Konzeption der Veranstaltung: \u201eInnovationsmanagement f\u00fcr nachhaltige Entwicklung\u201c, Iserlohn. Veranstalter: Ev. Akademie Iserlohn und DGAW e.V., Berlin<\/li><li>11\/98 Dozentin \u201eBetriebliches Umweltmanagement\u201e Veranstalter: LVQ Lehr- und Versuchsgesellschaft f\u00fcr Qualit\u00e4t mbH, M\u00fclheim<\/li><li>02\/98 CEMSA \u00b498: International Conference and Exhibition on Integrated Environmental Management in South Africa, in East London Mitglied der Organisationskomitees, Chairlady und Referentin \u201eIntegration of Environmental Management and Occupational Health as an Innovative Chance for Small and Middle Enterprises\u201e<\/li><li>04\/97 Referat \u201eKonfliktmanagement im Umweltschutz\u201e Internationale Fachtagung \u201eKonfliktl\u00f6sung ohne gerichtliche Entscheidung durch Verhandeln und Mediation\u201e in T\u00fcbingen. Veranstalter: Universit\u00e4t T\u00fcbingen- Deutscher Anwalt Verein<\/li><li>01\/97 Referat: Langhoff, Schock \u201eEckpunkte einer Qualifizierung betrieblicher Fachakteure des Arbeits- Gesundheits- und Umweltschutzes\u201e Workshop \u201eIntegration von Umweltmanagement und Arbeitsschutz in Klein- und Mittelbetrieben. Veranstalter: IQ- Consult gGmbH in D\u00fcsseldorf<\/li><li>08\/96 Dozentin zu \u201eVerkn\u00fcpfung von Arbeitsumwelt, Gesundheits- und Arbeitsschutz sowie Gefahrstoffverordnung\u201e in Oberjosbach. Seminar BR IV C \u201eArbeitssicherheit, Gesundheitsschutz und Umweltschutz\u201e Veranstalter: Gewerkschaft Nahrung Genuss Gastst\u00e4tten Hauptverwaltung, Hamburg<\/li><li>05\/94 Referat \u201e\u00d6kologie contra \u00d6konomie ? &#8211; Kreatives Umweltmanagement erfordert Zusammenarbeit\u201c auf dem Seminar \u201ePraktische Probleml\u00f6sung innerbetrieblicher Reststoffe\u201c in Bad Orb. Veranstalter: PCO Forum-GmbH, Einbeck<\/li><li>11\/92 Referat \u201e\u00dcber die Umwelt wird verhandelt &#8211; Praxisbeispiele kommunikativer Vermittlungsverfahren in der BRD\u201c auf dem Seminar \u201e\u00dcber die Umwelt verhandeln &#8211; Kommunikative Konfliktl\u00f6sung und Vermittlungsverfahren\u201c in Iserlohn. Veranstalter: Evangelische Akademie, Iserlohn<\/li><\/ul>\n\n\n\n<p><\/p>\n<\/div><\/div>\n\n\n\n<hr class=\"wp-block-separator has-text-color has-background has-black-background-color has-black-color is-style-wide\"\/>\n\n\n\n<div style=\"height:30px\" aria-hidden=\"true\" class=\"wp-block-spacer\"><\/div>\n\n\n\n<p>Current articles: <\/p>\n\n\n<ul class=\"wp-block-latest-posts__list wp-block-latest-posts\"><li><a href=\"https:\/\/schock.org\/en\/management-audit-umweltschutz-nicht-nur-chefsache\">Management Audit. Umweltschutz nicht nur Chefsache.<\/a><\/li>\n<li><a href=\"https:\/\/schock.org\/en\/engagement-der-mitarbeiter-ist-schluessel-fuer-umsetzung-des-eg-oeko-audits\">Engagement der Mitarbeiter ist Schl\u00fcssel f\u00fcr Umsetzung des EG-\u00d6ko-Audits<\/a><\/li>\n<li><a href=\"https:\/\/schock.org\/en\/verwaltung-contra-buergerbeteiligung\">Verwaltung contra B\u00fcrgerbeteiligung?<\/a><\/li>\n<\/ul>","protected":false},"excerpt":{"rendered":"<p>B\u00fcrgerbeteiligung, Mitarbeitermotivation, Umweltgerechtigkeit, Standortsuche, Changemanagement \u2013 der kommunale Umweltschutz und die damit verbundenen Umweltplanungen stehen t\u00e4glich vor neuen Herausforderungen. Diese erm\u00f6glichen Innovationen, wenn die relevanten Akteure, B\u00fcrger, Verb\u00e4nde, Unternehmen, Verwaltung und Politik gemeinsam handeln. Die f\u00fcnfstufige Managementplanung verbindet daher Instrumente der Projektplanung mit denen des Konfliktmanagenent. Ergebnis ist ein transparenter, partizipativer, integrierter, effizienter Prozess, der [&hellip;]<\/p>","protected":false},"author":1,"featured_media":0,"parent":0,"menu_order":0,"comment_status":"closed","ping_status":"closed","template":"","meta":[],"yoast_head":"<!-- This site is optimized with the Yoast SEO plugin v15.5 - https:\/\/yoast.com\/wordpress\/plugins\/seo\/ -->\n<title>Managementplanung\u2028 \u2013 gemeinsam besser - Gabi Schock<\/title>\n<meta name=\"robots\" content=\"index, follow, max-snippet:-1, max-image-preview:large, max-video-preview:-1\" \/>\n<link rel=\"canonical\" href=\"https:\/\/schock.org\/en\/managementplanung\/\" \/>\n<meta property=\"og:locale\" content=\"en_US\" \/>\n<meta property=\"og:type\" content=\"article\" \/>\n<meta property=\"og:title\" content=\"Managementplanung\u2028 \u2013 gemeinsam besser - Gabi Schock\" \/>\n<meta property=\"og:description\" content=\"B\u00fcrgerbeteiligung, Mitarbeitermotivation, Umweltgerechtigkeit, Standortsuche, Changemanagement \u2013 der kommunale Umweltschutz und die damit verbundenen Umweltplanungen stehen t\u00e4glich vor neuen Herausforderungen. Diese erm\u00f6glichen Innovationen, wenn die relevanten Akteure, B\u00fcrger, Verb\u00e4nde, Unternehmen, Verwaltung und Politik gemeinsam handeln. Die f\u00fcnfstufige Managementplanung verbindet daher Instrumente der Projektplanung mit denen des Konfliktmanagenent. Ergebnis ist ein transparenter, partizipativer, integrierter, effizienter Prozess, der [&hellip;]\" \/>\n<meta property=\"og:url\" content=\"https:\/\/schock.org\/en\/managementplanung\/\" \/>\n<meta property=\"og:site_name\" content=\"Gabi Schock\" \/>\n<meta property=\"article:modified_time\" content=\"2021-01-14T13:43:16+00:00\" \/>\n<meta name=\"twitter:card\" content=\"summary_large_image\" \/>\n<meta name=\"twitter:label1\" content=\"Est. reading time\">\n\t<meta name=\"twitter:data1\" content=\"3 minutes\">\n<script type=\"application\/ld+json\" class=\"yoast-schema-graph\">{\"@context\":\"https:\/\/schema.org\",\"@graph\":[{\"@type\":\"WebSite\",\"@id\":\"https:\/\/schock.org\/#website\",\"url\":\"https:\/\/schock.org\/\",\"name\":\"Gabi Schock\",\"description\":\"Kommunale Konzepte und Kooperationen\",\"potentialAction\":[{\"@type\":\"SearchAction\",\"target\":\"https:\/\/schock.org\/?s={search_term_string}\",\"query-input\":\"required name=search_term_string\"}],\"inLanguage\":\"en-US\"},{\"@type\":\"WebPage\",\"@id\":\"https:\/\/schock.org\/managementplanung#webpage\",\"url\":\"https:\/\/schock.org\/managementplanung\",\"name\":\"Managementplanung\\u2028 \\u2013 gemeinsam besser - Gabi Schock\",\"isPartOf\":{\"@id\":\"https:\/\/schock.org\/#website\"},\"datePublished\":\"2020-12-20T10:47:00+00:00\",\"dateModified\":\"2021-01-14T13:43:16+00:00\",\"inLanguage\":\"en-US\",\"potentialAction\":[{\"@type\":\"ReadAction\",\"target\":[\"https:\/\/schock.org\/managementplanung\"]}]}]}<\/script>\n<!-- \/ Yoast SEO plugin. -->","_links":{"self":[{"href":"https:\/\/schock.org\/en\/wp-json\/wp\/v2\/pages\/229"}],"collection":[{"href":"https:\/\/schock.org\/en\/wp-json\/wp\/v2\/pages"}],"about":[{"href":"https:\/\/schock.org\/en\/wp-json\/wp\/v2\/types\/page"}],"author":[{"embeddable":true,"href":"https:\/\/schock.org\/en\/wp-json\/wp\/v2\/users\/1"}],"replies":[{"embeddable":true,"href":"https:\/\/schock.org\/en\/wp-json\/wp\/v2\/comments?post=229"}],"version-history":[{"count":37,"href":"https:\/\/schock.org\/en\/wp-json\/wp\/v2\/pages\/229\/revisions"}],"predecessor-version":[{"id":556,"href":"https:\/\/schock.org\/en\/wp-json\/wp\/v2\/pages\/229\/revisions\/556"}],"wp:attachment":[{"href":"https:\/\/schock.org\/en\/wp-json\/wp\/v2\/media?parent=229"}],"curies":[{"name":"wp","href":"https:\/\/api.w.org\/{rel}","templated":true}]}}