{"id":225,"date":"2020-12-17T10:18:00","date_gmt":"2020-12-17T10:18:00","guid":{"rendered":"http:\/\/s522335281.online.de\/?page_id=225"},"modified":"2021-12-02T13:33:57","modified_gmt":"2021-12-02T13:33:57","slug":"flaechenreaktivierung","status":"publish","type":"page","link":"https:\/\/schock.org\/en\/flaechenreaktivierung","title":{"rendered":"Land reactivation \u2013 awakening the city"},"content":{"rendered":"<p>The implementation of the UN Sustainable Development Goals, inner-city densification, sustainable urban development and integrated urban district concepts are inconceivable without the reactivation of industrial, commercial, rail and military sites that are no longer in use. Participatively developed and community-specific utilization concepts play an important role here:&nbsp;<strong>Awakening the city from its slumber.<\/strong><\/p>\n\n\n\n<div style=\"height:30px\" aria-hidden=\"true\" class=\"wp-block-spacer\"><\/div>\n\n\n\n<hr class=\"wp-block-separator has-text-color has-background has-black-background-color has-black-color is-style-wide\"\/>\n\n\n\n<div class=\"wp-block-pb-accordion-item c-accordion__item js-accordion-item no-js\" data-initially-open=\"false\" data-click-to-close=\"true\" data-auto-close=\"true\" data-scroll=\"false\" data-scroll-offset=\"0\"><button id=\"at-65779\" class=\"c-accordion__title js-accordion-controller c-accordion__title--button\" role=\"button\"> Publications<\/button><div id=\"ac-65779\" class=\"c-accordion__content\">\n<ul><li>Schock, G.: \u201eSteigerung der Energieeffizienz in st\u00e4dtischen Siedlungsr\u00e4umen; Die Energiewende gelingt nur in den Stadtquartieren\u201c Europa kommunal 5\/21<\/li><li>Schock, G.: \u201eFl\u00e4chenreaktivierung durch \u00f6ffentlich-private Kooperationen\u201c, altlasten spektrum (1) 2012 28-30<\/li><li>Schock, G.: \u201eFl\u00e4chenreaktivierung durch \u00f6ffentlich-private Kooperationen\u201c, Kurzpapier des Tr\u00e4gerkreis \u201eAllianz f\u00fcr die Fl\u00e4che\u201c der NRW-Landesregierung<\/li><li>Schock, G.: \u201eFl\u00e4chenreaktivierungen in \u00f6ffentlich-privater Partnerschaft\u201c, altlastenforum Baden-W\u00fcrttemberg, 1\/2011 19-25<\/li><li>Holl\u00e4nder, R., Weidner, S., Schock, G., et al: \u201eNachhaltiges regionales Fl\u00e4chenressourcenmanagement am Beispiel von Brachfl\u00e4chen der Deutschen Bahn AG\u201c, Umweltbundesamt Texte 35\/2010, F\u00f6rderkennzeichen 205 77 252, UBA-FB 001358<\/li><li>Schock, G.: \u201eReaktivierung von Altstandorten in Rum\u00e4nien\u201c, WasserWirtschaft (5) 2010 16-19<\/li><li>Schock, G.: Reaktivierung von Industriestandorten in Rum\u00e4nien- wichtiger Teil einer nachhaltigen Raumordnung\u201c, Wasser und Umwelt (1) 2009 26-28<\/li><li>Schock, G.: \u201eReaktivierung von Industriestandorten in Rum\u00e4nien\u201c, altlasten spektrum (3) 2009 142-148<\/li><li>Bericht \u00fcber den Vortrag \u201eLeitfaden zur Reaktivierung von Industriestandorten\u201c, altlasten spektrum (1) 2009 43-45<\/li><li>Schock, G.: Utilizarea siturilor industriale abandonate ca noi spatii de viata, Salubritatea (4) 2008 25-27 (Artikel \u201eReaktivierung von Industriestandorten\u201c in der o.g. rum\u00e4nischen Fachzeitschrift)<\/li><li>Schock, G.; Hirschberger, D.:\u00a0 Reactivation of Derelict Industrial Sites in Romania a Project of GTZ for Economic and Employment Promotion,\u00a0 2nd International Conference on Managing Urban Land\u201d\u00a0 2007 517-522<\/li><li>Schock, G.; Hirschberger, D.; Ellinger, D.: Deutsch- rum\u00e4nisches Projekt unterst\u00fctzt Investoren bei der Standortsuche in Rum\u00e4nien, debizz (2) 2007 16<\/li><li>Schock, G.: Die Last mit der Altlast, Stadt und Gemeinde (1-2) 2006 24<\/li><li>Schock, G.: Monetarisierung der \u00f6kologischen Lasten, Kommunal Info (4) 2005 15-16<\/li><li>Schock,.G.: Fl\u00e4chenreaktivierung gegen Stadtflucht, CityPartner (3) 2005 24-27<\/li><li>Schock, G.: \u00d6PP im Bereich der Fl\u00e4chenreaktivierung, das rathaus (1-2) 2005 24-27<\/li><li>Schock, G.: Fl\u00e4chenreaktivierung via Public-Private-Partnership\u00a0 das rathaus (12) 2003 358-359<\/li><li>Schock, G.: Ein saniertes Industrieareal in den Niederlanden. der st\u00e4dtetag (11) 2003 27-29<\/li><li>Schock, G: \u201ePflichtaufgabe\u201c: Fl\u00e4chenreaktivierung. das rathaus (10) 2003 278-280<\/li><li>Schock, G.: Fl\u00e4chenreaktivierung als wichtiger Baustein der Stadtentwicklung. Bodenschutz (3) 2003 81-84<\/li><li>Schock, G.: Brachfl\u00e4chen nutzbar machen. Demo (6) 2002 88<\/li><\/ul>\n\n\n\n<p><\/p>\n<\/div><\/div>\n\n\n\n<hr class=\"wp-block-separator has-text-color has-background has-black-background-color has-black-color is-style-wide\"\/>\n\n\n\n<div class=\"wp-block-pb-accordion-item c-accordion__item js-accordion-item no-js\" data-initially-open=\"false\" data-click-to-close=\"true\" data-auto-close=\"true\" data-scroll=\"false\" data-scroll-offset=\"0\"><button id=\"at-10018\" class=\"c-accordion__title js-accordion-controller c-accordion__title--button\" role=\"button\"><strong> <\/strong>Presentations, moderations<\/button><div id=\"ac-10018\" class=\"c-accordion__content\">\n<ul><li>03\/12 Ingenieurtechnischer Verband Altlasten und Fl\u00e4chenrecycling e.V.: \u201eFl\u00e4chenreaktivierung durch \u00f6ffentlich-private Kooperationen\u201c im Fachausschuss \u201eFl\u00e4chenrecycling\u201c, Hamburg<\/li><li>12\/11 Vortrag und Moderation des Workshop \u201eThe EU Acquis on soil protection- indicators, monitoring and challenges for public administration\u201d im Rahmen des Stabilisation and Association Agreement Training in Sarajevo, Bosnien-Herzegowina<\/li><li>06\/11 Vortrag: \u201eExamples of successful brownfield projects from Romania, Manual for brownfield regeneration projects\u201d im Rahmen des \u201cBrownfield\u201d-Workshops in Belgrad, Serbien<\/li><li>05\/11 Vortrag: \u201e\u00d6PP in der Fl\u00e4chenreaktivierung\u201c im Rahmen des DeCONex-Schadstoff Management Kongress in Augsburg<\/li><li>11\/08 Vortrag: \u201eReaktivierung von Industriestandorten in Rum\u00e4nien\u201c im Rahmen des ITVA-Regionaltreffens West in Duisburg<\/li><li>11\/08 Vortrag: \u201eVorstellung des Handbuchs zur Planung und Durchf\u00fchrung von Konversionsprojekten\u201c im Rahmen der Konferenz zur Konversion von Industriefl\u00e4chen in Transformationsl\u00e4ndern in Zagreb, Kroatien<\/li><li>09\/08 Vortrag: \u201eVorstellung des deutsch-rum\u00e4nischen Projektes zur Reaktivierung von Industriestandorten\u201c im Rahmen der Jahrestagung der Asociata Romana de Salubritate in Mamaia, Rum\u00e4nien<\/li><li>09\/08 Vortrag: \u201ePr\u00e4sentation des Leitfadens: \u201eReaktivierung von Industriestandorten in Rum\u00e4nien\u201c im Rahmen des Seminars \u201eSituri contaminate- onoua provocare pentru Romania\u201c in Mamaia<\/li><li>11\/07 Referentin der Podiumsdiskussion \u201eAkteure der Siedlungsentwicklung im Dialog\u201c im Rahmen der REFINA-Tagung \u201eLean\u00b2- Kommunale Finanzen und nachhaltiges Fl\u00e4chenmanagement\u201c des Instituts f\u00fcr Landes- und Siedlungsentwicklungsforschung und Bauwesen des Landes NRW (ILS NRW) in Dortmund<\/li><li>06\/07 Vortrag: \u201eReaktivierung stillgelegter Industriestandorte in Rum\u00e4nien\u201c im Rahmen der Unternehmerreise des Bundesministerium f\u00fcr Umwelt, Naturschutz und Reaktorsicherheit in Bukarest<\/li><li>03\/07 Vortrag: Hirschberger \/ Schock \u201eReactivation of Derelict Industrial Sites in Romania a Project of GTZ for Economic and Employment Promotion\u201c im Rahmen der \u201c2nd International Conference on Managing Urban Land\u201d in Stuttgart<\/li><li>09\/06 Impulsreferat: \u201ePublic Private Partnership im Fl\u00e4chenrecycling\u201c in der 1. Sitzung des Tr\u00e4gerkreises zur \u201eAllianz f\u00fcr die Fl\u00e4che\u201c beim Ministerium f\u00fcr Umwelt, Naturschutz, Landwirtschaft und Verbraucherschutz NRW in D\u00fcsseldorf<\/li><li>09\/06 Vortrag: \u201eMonet\u00e4re Bewertung \u00f6kologischer Lasten auf Grundst\u00fccken\u201c im Rahmen des Fachseminars \u201eGrundst\u00fcckswertermittlung\u201c des Instituts f\u00fcr St\u00e4dtebau und Wohnungswesen in W\u00fcrzburg<\/li><li>09\/05 Vortrag: \u201ePPP in der Fl\u00e4chenreaktivierung\u201c im Rahmen des 2. Symposium Umweltgeotechnik der Deutschen Gesellschaft f\u00fcr Geotechnik e.V. in Freiberg<\/li><li>06\/05 Vortrag: \u201ePPP in der Fl\u00e4chenreaktivierung\u201c im Rahmen der Tagung \u201eBodenschutz\u201c Veranstalter: EUROFORUM K\u00f6ln<\/li><li>10\/04 Vortrag und Moderation beim Forum Bauland Management im Institut f\u00fcr Landes- und Stadtentwicklungsforschung NRW: \u201ePPP in der Fl\u00e4chenreaktivierung \u2013 neue Wege\u201c<\/li><li>06\/04 Vorlesung: \u201ePPP-Modelle in der Fl\u00e4chenreaktivierung\u201c im Rahmen des Masterstudiengangs \u201eurban management\u201c an der Universit\u00e4t Leipzig<\/li><li>09\/03 Interview: \u201eBrachfl\u00e4chen sind \u201etotes Kapital\u201c, kommunalpolitische bl\u00e4tter, (55) 2003 9<\/li><\/ul>\n\n\n\n<p><\/p>\n<\/div><\/div>\n\n\n\n<hr class=\"wp-block-separator has-text-color has-background has-black-background-color has-black-color is-style-wide\"\/>\n\n\n\n<div style=\"height:30px\" aria-hidden=\"true\" class=\"wp-block-spacer\"><\/div>\n\n\n\n<p>Current articles:<\/p>\n\n\n<ul class=\"wp-block-latest-posts__list wp-block-latest-posts\"><li><a href=\"https:\/\/schock.org\/en\/biogene-reststoffe-ein-wesentlicher-stoffstrom-fuer-eine-nachhaltige-kreislaufwirtschaft-und-biooekonomie-duplicate-1\">Steigerung der Energieeffizienz in st\u00e4dtischen Siedlungsr\u00e4umen; Die Energiewende gelingt nur in den Stadtquartieren<\/a><\/li>\n<li><a href=\"https:\/\/schock.org\/en\/2012-01\">Fl\u00e4chenreaktivierung durch \u00f6ffentlich-private Kooperationen<\/a><\/li>\n<li><a href=\"https:\/\/schock.org\/en\/reaktivierung-von-altstandorten-in-rumaenien\">Reaktivierung von Altstandorten in Rum\u00e4nien<\/a><\/li>\n<li><a href=\"https:\/\/schock.org\/en\/flaechenreaktivierung-durch-oeffentlich-private-kooperationen\">Reaktivierung von Altstandorten in Rum\u00e4nien<\/a><\/li>\n<li><a href=\"https:\/\/schock.org\/en\/managing-urban-land-2nd-international-conference\">Managing Urban Land \u2013\u00a02nd International Conference<\/a><\/li>\n<\/ul>","protected":false},"excerpt":{"rendered":"<p>Die Umsetzung der UN-Nachhaltigkeitsziele, Innenstadtverdichtung, nachhaltige Stadtentwicklung und integrierte Stadtteilkonzepte sind undenkbar ohne die Reaktivierung nicht mehr genutzter Industrie-, Gewerbe-, Bahn- und Milit\u00e4rfl\u00e4chen. Partizipativ entwickelte und kommunalspezifische Nutzungskonzepte spielen hierbei eine wichtige Rolle:&nbsp;Die Stadt aus dem Dornr\u00f6schenschlaf erwecken. Aktuelle Artikel:<\/p>","protected":false},"author":1,"featured_media":0,"parent":0,"menu_order":0,"comment_status":"closed","ping_status":"closed","template":"","meta":[],"yoast_head":"<!-- This site is optimized with the Yoast SEO plugin v15.5 - https:\/\/yoast.com\/wordpress\/plugins\/seo\/ -->\n<title>Fl\u00e4chenreaktivierung\u2028 \u2013 die Stadt erwecken - Gabi Schock<\/title>\n<meta name=\"robots\" content=\"index, follow, max-snippet:-1, max-image-preview:large, max-video-preview:-1\" \/>\n<link rel=\"canonical\" href=\"https:\/\/schock.org\/en\/flaechenreaktivierung\/\" \/>\n<meta property=\"og:locale\" content=\"en_US\" \/>\n<meta property=\"og:type\" content=\"article\" \/>\n<meta property=\"og:title\" content=\"Fl\u00e4chenreaktivierung\u2028 \u2013 die Stadt erwecken - Gabi Schock\" \/>\n<meta property=\"og:description\" content=\"Die Umsetzung der UN-Nachhaltigkeitsziele, Innenstadtverdichtung, nachhaltige Stadtentwicklung und integrierte Stadtteilkonzepte sind undenkbar ohne die Reaktivierung nicht mehr genutzter Industrie-, Gewerbe-, Bahn- und Milit\u00e4rfl\u00e4chen. Partizipativ entwickelte und kommunalspezifische Nutzungskonzepte spielen hierbei eine wichtige Rolle:&nbsp;Die Stadt aus dem Dornr\u00f6schenschlaf erwecken. Aktuelle Artikel:\" \/>\n<meta property=\"og:url\" content=\"https:\/\/schock.org\/en\/flaechenreaktivierung\/\" \/>\n<meta property=\"og:site_name\" content=\"Gabi Schock\" \/>\n<meta property=\"article:modified_time\" content=\"2021-12-02T13:33:57+00:00\" \/>\n<meta name=\"twitter:card\" content=\"summary_large_image\" \/>\n<meta name=\"twitter:label1\" content=\"Est. reading time\">\n\t<meta name=\"twitter:data1\" content=\"3 minutes\">\n<script type=\"application\/ld+json\" class=\"yoast-schema-graph\">{\"@context\":\"https:\/\/schema.org\",\"@graph\":[{\"@type\":\"WebSite\",\"@id\":\"https:\/\/schock.org\/#website\",\"url\":\"https:\/\/schock.org\/\",\"name\":\"Gabi Schock\",\"description\":\"Kommunale Konzepte und Kooperationen\",\"potentialAction\":[{\"@type\":\"SearchAction\",\"target\":\"https:\/\/schock.org\/?s={search_term_string}\",\"query-input\":\"required name=search_term_string\"}],\"inLanguage\":\"en-US\"},{\"@type\":\"WebPage\",\"@id\":\"https:\/\/schock.org\/flaechenreaktivierung#webpage\",\"url\":\"https:\/\/schock.org\/flaechenreaktivierung\",\"name\":\"Fl\\u00e4chenreaktivierung\\u2028 \\u2013 die Stadt erwecken - Gabi Schock\",\"isPartOf\":{\"@id\":\"https:\/\/schock.org\/#website\"},\"datePublished\":\"2020-12-17T10:18:00+00:00\",\"dateModified\":\"2021-12-02T13:33:57+00:00\",\"inLanguage\":\"en-US\",\"potentialAction\":[{\"@type\":\"ReadAction\",\"target\":[\"https:\/\/schock.org\/flaechenreaktivierung\"]}]}]}<\/script>\n<!-- \/ Yoast SEO plugin. -->","_links":{"self":[{"href":"https:\/\/schock.org\/en\/wp-json\/wp\/v2\/pages\/225"}],"collection":[{"href":"https:\/\/schock.org\/en\/wp-json\/wp\/v2\/pages"}],"about":[{"href":"https:\/\/schock.org\/en\/wp-json\/wp\/v2\/types\/page"}],"author":[{"embeddable":true,"href":"https:\/\/schock.org\/en\/wp-json\/wp\/v2\/users\/1"}],"replies":[{"embeddable":true,"href":"https:\/\/schock.org\/en\/wp-json\/wp\/v2\/comments?post=225"}],"version-history":[{"count":17,"href":"https:\/\/schock.org\/en\/wp-json\/wp\/v2\/pages\/225\/revisions"}],"predecessor-version":[{"id":621,"href":"https:\/\/schock.org\/en\/wp-json\/wp\/v2\/pages\/225\/revisions\/621"}],"wp:attachment":[{"href":"https:\/\/schock.org\/en\/wp-json\/wp\/v2\/media?parent=225"}],"curies":[{"name":"wp","href":"https:\/\/api.w.org\/{rel}","templated":true}]}}