{"id":144,"date":"2020-12-21T19:58:15","date_gmt":"2020-12-21T19:58:15","guid":{"rendered":"http:\/\/s522335281.online.de\/?page_id=144"},"modified":"2023-11-26T17:01:55","modified_gmt":"2023-11-26T17:01:55","slug":"profil","status":"publish","type":"page","link":"https:\/\/schock.org\/en\/profil","title":{"rendered":"Profile"},"content":{"rendered":"<p>My professional activities and my voluntary commitment in the field of local politics and environmental protection have always been closely linked \u2013 out of conviction. I am familiar with the interests of municipal stakeholders and they form the basis of valuable experience in the development of sustainable cooperation. My clear orientation towards the <a href=\"https:\/\/www.bundesregierung.de\/breg-de\/themen\/nachhaltigkeitspolitik\/nachhaltigkeitsziele-verstaendlich-erklaert-232174\" target=\"_blank\" rel=\"noreferrer noopener\">17 UN Sustainable Development Goals<\/a> marks the substantive framework of my work - whether national or international. <\/p>\n\n\n\n<div style=\"height:30px\" aria-hidden=\"true\" class=\"wp-block-spacer\"><\/div>\n\n\n\n<p><strong>Politische Mandate<\/strong><\/p>\n\n\n\n<figure class=\"wp-block-table is-style-regular\"><table><tbody><tr><td>seit 05\/15&nbsp;<\/td><td>Vorsitzende des Ausschusses f\u00fcr Stadtplanung und Stadtsanierung<br>Vorsitzende des Beirates Stadtumbau West<br>Sprecherin des Ausschusses Umwelt, Energie, Ver- und Entsorgung und Landwirtschaft<br>Mitglied im Betriebsausschuss \u201eZentrales Geb\u00e4udemanagement\u201c<br>Mitglied des grenz\u00fcberschreitenden Ausschusses Venlo (NL)-Krefeld<br>Mitglied des Aufsichtsrates der Krefelder Wirtschaftsf\u00f6rderung GmbH sowie Grundst\u00fcckgesellschaft Krefeld GmbH<br>Mitglied der Sparkassen-Stiftung \u201eUmwelt und Sport\u201c <br>Delegierte der Deutschen Sektion im Rat der Gemeinde und Regionen Europas und Mitglied im Arbeitskreis \u201eKommunale Entwicklungszusammenarbeit\u201c<br>Delegierte der Vollversammlung der Euregio Rhein-Maas Nord<br>Delegierte im St\u00e4dtetag NRW und im Deutschen St\u00e4dtetag<br>Delegierte im Abfallwirtschaftsverband Rhein-Wupper<\/td><\/tr><tr><td>05\/15 &#8211; 10\/20<\/td><td>Mitglied des Rates der Stadt Krefeld<\/td><\/tr><tr><td>seit 10\/89<\/td><td>Mitglied der Bezirksvertretung Krefeld West<\/td><\/tr><tr><td>10\/89 &#8211; 09\/04<\/td><td>Sachkundige B\u00fcrgerin im Umweltausschuss der Stadt Krefeld<\/td><\/tr><\/tbody><\/table><\/figure>\n\n\n\n<div style=\"height:30px\" aria-hidden=\"true\" class=\"wp-block-spacer\"><\/div>\n\n\n\n<p><strong>Fachverb\u00e4nde und Beir\u00e4te<\/strong><\/p>\n\n\n\n<figure class=\"wp-block-table is-style-regular\"><table><tbody><tr><td>seit 6\/18&nbsp;<\/td><td>Mitglied im \u201eRunden Tisch: Zirkul\u00e4re Wertsch\u00f6pfung in NRW\u201c im Ministerium f\u00fcr Wirtschaft, Industrie, Digitalisierung und Energie<\/td><\/tr><tr><td>seit 3\/12<\/td><td>Mitglied des Fachausschusses \u201eFl\u00e4chenrecycling\u201c des Ingenieurtechnischen Verbandes Altlasten und Fl\u00e4chenrecycling e.V.<\/td><\/tr><tr><td>seit 03\/08<\/td><td>Berufung als Mitglied der Projektgruppen \u201eKlima, Umwelt- und Energiepolitik\u201c&nbsp; sowie \u201eNeue Allianzen\u201c und \u201eZukunft der Mobilit\u00e4t\u201c der Sozialdemokratischen Gemeinschaft f\u00fcr Kommunalpolitik in NRW<\/td><\/tr><tr><td>seit 09\/06<\/td><td>Bestellung als Mitglied des Tr\u00e4gerkreises \u201eAllianz f\u00fcr die Fl\u00e4che in NRW\u201c durch den Minister f\u00fcr Umwelt, Naturschutz, Landwirtschaft und Verbraucherschutz NRW Herrn Eckhard Uhlenberg<\/td><\/tr><tr><td><\/td><td>Stellv. Obfrau des Fachausschusses \u201eWissenschaftstransfer in der Abfallwirtschaft\u201c bei der Deutschen Vereinigung f\u00fcr Wasser, Abwasser und Abfall e.V., ehemals ATV e.V.&nbsp;<\/td><\/tr><tr><td>06\/95 &#8211; 06\/13<\/td><td>Mitglied des Vorstandes und Schatzmeisterin der Deutschen Gesellschaft f\u00fcr Abfallwirtschaft e.V.&nbsp;<\/td><\/tr><\/tbody><\/table><\/figure>\n\n\n\n<div style=\"height:30px\" aria-hidden=\"true\" class=\"wp-block-spacer\"><\/div>\n\n\n\n<p><strong>International agierende Gremien<\/strong><\/p>\n\n\n\n<figure class=\"wp-block-table is-style-regular\"><table><tbody><tr><td>seit 2020<\/td><td>Mitglied des Policy Council von Platforma, der europ\u00e4ischen Entwicklungszusammenarbeit-Plattform von Conforma<\/td><\/tr><tr><td>seit 2020<\/td><td>Beratenes Mitglied im Hauptausschuss und Pr\u00e4sidium der Deutschen Sektion im Rat der Gemeinden und Regionen Europas<\/td><\/tr><tr><td>seit 2020<\/td><td>Vorsitzende des Arbeitskreises Entwicklungszusammenarbeit in der Deutschen Sektion im Rat der Gemeinden und Regionen Europas<\/td><\/tr><tr><td>seit 2019<\/td><td>Mitglied im Expertenpool von Connective Cities, einer Initiative des Bundesministeriums f\u00fcr wirtschaftliche Zusammenarbeit und Entwicklung, der giz Gesellschaft f\u00fcr internationale Zusammenarbeit sowie des Deutschen St\u00e4dtetages und des Verbandes Kommunaler Unternehmen<\/td><\/tr><\/tbody><\/table><\/figure>\n\n\n\n<p><\/p>","protected":false},"excerpt":{"rendered":"<p>Meine berufliche T\u00e4tigkeit und mein ehrenamtliches Engagement im Bereich Kommunalpolitik und Umweltschutz sind aus \u00dcberzeugung seit jeher eng verkn\u00fcpft. Die Interessen der kommunalen Akteure sind mir vertraut und bilden die Basis wertvoller Erfahrungen in der Entwicklung von zukunftsf\u00e4higen Kooperationen. Meine klare Ausrichtung an den 17 UN-Nachhaltigkeitszielen markiert \u2013 unabh\u00e4ngig ob national oder international \u2013 den [&hellip;]<\/p>","protected":false},"author":1,"featured_media":0,"parent":0,"menu_order":0,"comment_status":"closed","ping_status":"closed","template":"","meta":[],"yoast_head":"<!-- This site is optimized with the Yoast SEO plugin v15.5 - https:\/\/yoast.com\/wordpress\/plugins\/seo\/ -->\n<title>Profil - Gabi Schock<\/title>\n<meta name=\"robots\" content=\"index, follow, max-snippet:-1, max-image-preview:large, max-video-preview:-1\" \/>\n<link rel=\"canonical\" href=\"https:\/\/schock.org\/en\/profil\/\" \/>\n<meta property=\"og:locale\" content=\"en_US\" \/>\n<meta property=\"og:type\" content=\"article\" \/>\n<meta property=\"og:title\" content=\"Profil - Gabi Schock\" \/>\n<meta property=\"og:description\" content=\"Meine berufliche T\u00e4tigkeit und mein ehrenamtliches Engagement im Bereich Kommunalpolitik und Umweltschutz sind aus \u00dcberzeugung seit jeher eng verkn\u00fcpft. Die Interessen der kommunalen Akteure sind mir vertraut und bilden die Basis wertvoller Erfahrungen in der Entwicklung von zukunftsf\u00e4higen Kooperationen. Meine klare Ausrichtung an den 17 UN-Nachhaltigkeitszielen markiert \u2013 unabh\u00e4ngig ob national oder international \u2013 den [&hellip;]\" \/>\n<meta property=\"og:url\" content=\"https:\/\/schock.org\/en\/profil\/\" \/>\n<meta property=\"og:site_name\" content=\"Gabi Schock\" \/>\n<meta property=\"article:modified_time\" content=\"2023-11-26T17:01:55+00:00\" \/>\n<meta name=\"twitter:card\" content=\"summary_large_image\" \/>\n<meta name=\"twitter:label1\" content=\"Est. reading time\">\n\t<meta name=\"twitter:data1\" content=\"2 minutes\">\n<script type=\"application\/ld+json\" class=\"yoast-schema-graph\">{\"@context\":\"https:\/\/schema.org\",\"@graph\":[{\"@type\":\"WebSite\",\"@id\":\"https:\/\/schock.org\/#website\",\"url\":\"https:\/\/schock.org\/\",\"name\":\"Gabi Schock\",\"description\":\"Kommunale Konzepte und Kooperationen\",\"potentialAction\":[{\"@type\":\"SearchAction\",\"target\":\"https:\/\/schock.org\/?s={search_term_string}\",\"query-input\":\"required name=search_term_string\"}],\"inLanguage\":\"en-US\"},{\"@type\":\"WebPage\",\"@id\":\"https:\/\/schock.org\/profil#webpage\",\"url\":\"https:\/\/schock.org\/profil\",\"name\":\"Profil - Gabi Schock\",\"isPartOf\":{\"@id\":\"https:\/\/schock.org\/#website\"},\"datePublished\":\"2020-12-21T19:58:15+00:00\",\"dateModified\":\"2023-11-26T17:01:55+00:00\",\"inLanguage\":\"en-US\",\"potentialAction\":[{\"@type\":\"ReadAction\",\"target\":[\"https:\/\/schock.org\/profil\"]}]}]}<\/script>\n<!-- \/ Yoast SEO plugin. -->","_links":{"self":[{"href":"https:\/\/schock.org\/en\/wp-json\/wp\/v2\/pages\/144"}],"collection":[{"href":"https:\/\/schock.org\/en\/wp-json\/wp\/v2\/pages"}],"about":[{"href":"https:\/\/schock.org\/en\/wp-json\/wp\/v2\/types\/page"}],"author":[{"embeddable":true,"href":"https:\/\/schock.org\/en\/wp-json\/wp\/v2\/users\/1"}],"replies":[{"embeddable":true,"href":"https:\/\/schock.org\/en\/wp-json\/wp\/v2\/comments?post=144"}],"version-history":[{"count":30,"href":"https:\/\/schock.org\/en\/wp-json\/wp\/v2\/pages\/144\/revisions"}],"predecessor-version":[{"id":652,"href":"https:\/\/schock.org\/en\/wp-json\/wp\/v2\/pages\/144\/revisions\/652"}],"wp:attachment":[{"href":"https:\/\/schock.org\/en\/wp-json\/wp\/v2\/media?parent=144"}],"curies":[{"name":"wp","href":"https:\/\/api.w.org\/{rel}","templated":true}]}}